{"id":3510,"date":"2021-04-26T18:56:03","date_gmt":"2021-04-26T16:56:03","guid":{"rendered":"https:\/\/www.nova-bz.org\/?page_id=3510"},"modified":"2023-09-12T08:43:41","modified_gmt":"2023-09-12T06:43:41","slug":"neues-aus-dem-plenum","status":"publish","type":"page","link":"https:\/\/www.nova-bz.org\/de\/der-landtag\/neues-aus-dem-plenum\/","title":{"rendered":"Neues aus dem Plenum"},"content":{"rendered":"\n<p>Einmal im Monat treffen sich die Abgeordneten zur Landtagssitzung. In der Regel findet diese Sitzung von Dienstag bis Freitag von 10 Uhr bis 13 Uhr und von 14.30 Uhr bis 18 Uhr statt. <\/p>\n\n\n\n<p>Eine Woche vor der Landtagssitzung treffen sich alle Vorsitzenden der Fraktionen und entscheiden, welche Punkte auf die Tagesordnung gesetzt werden. Die Sitzung des Landtags ist \u00f6ffentlich und alle Interessierten k\u00f6nnen sie von der Zuschauertrib\u00fcne aus verfolgen. Zudem kann die Sitzung live \u00fcber den offiziellen <a href=\"https:\/\/www.youtube.com\/channel\/UC5bOVQNvQJklEksWtmpYByg\" target=\"_blank\" rel=\"noreferrer noopener\">Youtube-Kanal des Landtags<\/a> verfolgt werden.<\/p>\n\n\n\n<p>Auf der Website des Landtags findest du alle Informationen zur jeweils aktuellen Landtagssitzung sowie zusammenfassende Videos der vergangenen Sitzungen:<\/p>\n\n\n\n<figure class=\"wp-block-image size-large is-style-default\"><a href=\"https:\/\/www.landtag-bz.org\/de\/die-ergebnisse-der-letzten-landtagssitzung-news\" target=\"_blank\" rel=\"noopener\"><img loading=\"lazy\" decoding=\"async\" width=\"816\" height=\"240\" src=\"https:\/\/www.nova-bz.org\/wp-content\/uploads\/2021\/04\/1.png\" alt=\"\" class=\"wp-image-3515\" srcset=\"https:\/\/www.nova-bz.org\/wp-content\/uploads\/2021\/04\/1.png 816w, https:\/\/www.nova-bz.org\/wp-content\/uploads\/2021\/04\/1-300x88.png 300w, https:\/\/www.nova-bz.org\/wp-content\/uploads\/2021\/04\/1-768x226.png 768w\" sizes=\"auto, (max-width: 816px) 100vw, 816px\" \/><\/a><\/figure>\n","protected":false},"excerpt":{"rendered":"<p>Einmal im Monat treffen sich die Abgeordneten zur Landtagssitzung. In der Regel findet diese Sitzung&#8230;<\/p>\n","protected":false},"author":36,"featured_media":3545,"parent":680,"menu_order":0,"comment_status":"closed","ping_status":"closed","template":"","meta":{"_acf_changed":false,"yasr_overall_rating":0,"yasr_post_is_review":"","yasr_auto_insert_disabled":"","yasr_review_type":"","footnotes":""},"tags":[95,151],"class_list":["post-3510","page","type-page","status-publish","has-post-thumbnail","hentry","tag-landtag","tag-landtagssitzung"],"acf":[],"yoast_head":"<!-- This site is optimized with the Yoast SEO plugin v25.3.1 - https:\/\/yoast.com\/wordpress\/plugins\/seo\/ -->\n<title>Neues aus dem Plenum - Nova<\/title>\n<meta name=\"robots\" content=\"index, follow, max-snippet:-1, max-image-preview:large, max-video-preview:-1\" \/>\n<link rel=\"canonical\" href=\"https:\/\/www.nova-bz.org\/de\/der-landtag\/neues-aus-dem-plenum\/\" \/>\n<meta property=\"og:locale\" content=\"de_DE\" \/>\n<meta property=\"og:type\" content=\"article\" \/>\n<meta property=\"og:title\" content=\"Neues aus dem Plenum - Nova\" \/>\n<meta property=\"og:description\" content=\"Einmal im Monat treffen sich die Abgeordneten zur Landtagssitzung. In der Regel findet diese Sitzung...\" \/>\n<meta property=\"og:url\" content=\"https:\/\/www.nova-bz.org\/de\/der-landtag\/neues-aus-dem-plenum\/\" \/>\n<meta property=\"og:site_name\" content=\"Nova\" \/>\n<meta property=\"article:publisher\" content=\"https:\/\/www.facebook.com\/novabz.org\" \/>\n<meta property=\"article:modified_time\" content=\"2023-09-12T06:43:41+00:00\" \/>\n<meta property=\"og:image\" content=\"https:\/\/www.nova-bz.org\/wp-content\/uploads\/2021\/04\/neues-aus-dem-plenum.png\" \/>\n\t<meta property=\"og:image:width\" content=\"2400\" \/>\n\t<meta property=\"og:image:height\" content=\"1800\" \/>\n\t<meta property=\"og:image:type\" content=\"image\/png\" \/>\n<meta name=\"twitter:card\" content=\"summary_large_image\" \/>\n<meta name=\"twitter:site\" content=\"@nova_bz_org\" \/>\n<meta name=\"twitter:label1\" content=\"Gesch\u00e4tzte Lesezeit\" \/>\n\t<meta name=\"twitter:data1\" content=\"1\u00a0Minute\" \/>\n<script type=\"application\/ld+json\" class=\"yoast-schema-graph\">{\"@context\":\"https:\/\/schema.org\",\"@graph\":[{\"@type\":\"WebPage\",\"@id\":\"https:\/\/www.nova-bz.org\/de\/der-landtag\/neues-aus-dem-plenum\/\",\"url\":\"https:\/\/www.nova-bz.org\/de\/der-landtag\/neues-aus-dem-plenum\/\",\"name\":\"Neues aus dem Plenum - Nova\",\"isPartOf\":{\"@id\":\"https:\/\/www.nova-bz.org\/#website\"},\"primaryImageOfPage\":{\"@id\":\"https:\/\/www.nova-bz.org\/de\/der-landtag\/neues-aus-dem-plenum\/#primaryimage\"},\"image\":{\"@id\":\"https:\/\/www.nova-bz.org\/de\/der-landtag\/neues-aus-dem-plenum\/#primaryimage\"},\"thumbnailUrl\":\"https:\/\/www.nova-bz.org\/wp-content\/uploads\/2021\/04\/neues-aus-dem-plenum.png\",\"datePublished\":\"2021-04-26T16:56:03+00:00\",\"dateModified\":\"2023-09-12T06:43:41+00:00\",\"breadcrumb\":{\"@id\":\"https:\/\/www.nova-bz.org\/de\/der-landtag\/neues-aus-dem-plenum\/#breadcrumb\"},\"inLanguage\":\"de\",\"potentialAction\":[{\"@type\":\"ReadAction\",\"target\":[\"https:\/\/www.nova-bz.org\/de\/der-landtag\/neues-aus-dem-plenum\/\"]}]},{\"@type\":\"ImageObject\",\"inLanguage\":\"de\",\"@id\":\"https:\/\/www.nova-bz.org\/de\/der-landtag\/neues-aus-dem-plenum\/#primaryimage\",\"url\":\"https:\/\/www.nova-bz.org\/wp-content\/uploads\/2021\/04\/neues-aus-dem-plenum.png\",\"contentUrl\":\"https:\/\/www.nova-bz.org\/wp-content\/uploads\/2021\/04\/neues-aus-dem-plenum.png\",\"width\":2400,\"height\":1800},{\"@type\":\"BreadcrumbList\",\"@id\":\"https:\/\/www.nova-bz.org\/de\/der-landtag\/neues-aus-dem-plenum\/#breadcrumb\",\"itemListElement\":[{\"@type\":\"ListItem\",\"position\":1,\"name\":\"Home\",\"item\":\"https:\/\/www.nova-bz.org\/de\/\"},{\"@type\":\"ListItem\",\"position\":2,\"name\":\"Der Landtag\",\"item\":\"https:\/\/www.nova-bz.org\/de\/der-landtag\/\"},{\"@type\":\"ListItem\",\"position\":3,\"name\":\"Neues aus dem Plenum\"}]},{\"@type\":\"WebSite\",\"@id\":\"https:\/\/www.nova-bz.org\/#website\",\"url\":\"https:\/\/www.nova-bz.org\/\",\"name\":\"Nova\",\"description\":\"Wir m\u00f6chten Dich f\u00fcr Politik begeistern\",\"potentialAction\":[{\"@type\":\"SearchAction\",\"target\":{\"@type\":\"EntryPoint\",\"urlTemplate\":\"https:\/\/www.nova-bz.org\/?s={search_term_string}\"},\"query-input\":{\"@type\":\"PropertyValueSpecification\",\"valueRequired\":true,\"valueName\":\"search_term_string\"}}],\"inLanguage\":\"de\"},false]}<\/script>\n<!-- \/ Yoast SEO plugin. -->","yoast_head_json":{"title":"Neues aus dem Plenum - Nova","robots":{"index":"index","follow":"follow","max-snippet":"max-snippet:-1","max-image-preview":"max-image-preview:large","max-video-preview":"max-video-preview:-1"},"canonical":"https:\/\/www.nova-bz.org\/de\/der-landtag\/neues-aus-dem-plenum\/","og_locale":"de_DE","og_type":"article","og_title":"Neues aus dem Plenum - Nova","og_description":"Einmal im Monat treffen sich die Abgeordneten zur Landtagssitzung. In der Regel findet diese Sitzung...","og_url":"https:\/\/www.nova-bz.org\/de\/der-landtag\/neues-aus-dem-plenum\/","og_site_name":"Nova","article_publisher":"https:\/\/www.facebook.com\/novabz.org","article_modified_time":"2023-09-12T06:43:41+00:00","og_image":[{"width":2400,"height":1800,"url":"https:\/\/www.nova-bz.org\/wp-content\/uploads\/2021\/04\/neues-aus-dem-plenum.png","type":"image\/png"}],"twitter_card":"summary_large_image","twitter_site":"@nova_bz_org","twitter_misc":{"Gesch\u00e4tzte Lesezeit":"1\u00a0Minute"},"schema":{"@context":"https:\/\/schema.org","@graph":[{"@type":"WebPage","@id":"https:\/\/www.nova-bz.org\/de\/der-landtag\/neues-aus-dem-plenum\/","url":"https:\/\/www.nova-bz.org\/de\/der-landtag\/neues-aus-dem-plenum\/","name":"Neues aus dem Plenum - Nova","isPartOf":{"@id":"https:\/\/www.nova-bz.org\/#website"},"primaryImageOfPage":{"@id":"https:\/\/www.nova-bz.org\/de\/der-landtag\/neues-aus-dem-plenum\/#primaryimage"},"image":{"@id":"https:\/\/www.nova-bz.org\/de\/der-landtag\/neues-aus-dem-plenum\/#primaryimage"},"thumbnailUrl":"https:\/\/www.nova-bz.org\/wp-content\/uploads\/2021\/04\/neues-aus-dem-plenum.png","datePublished":"2021-04-26T16:56:03+00:00","dateModified":"2023-09-12T06:43:41+00:00","breadcrumb":{"@id":"https:\/\/www.nova-bz.org\/de\/der-landtag\/neues-aus-dem-plenum\/#breadcrumb"},"inLanguage":"de","potentialAction":[{"@type":"ReadAction","target":["https:\/\/www.nova-bz.org\/de\/der-landtag\/neues-aus-dem-plenum\/"]}]},{"@type":"ImageObject","inLanguage":"de","@id":"https:\/\/www.nova-bz.org\/de\/der-landtag\/neues-aus-dem-plenum\/#primaryimage","url":"https:\/\/www.nova-bz.org\/wp-content\/uploads\/2021\/04\/neues-aus-dem-plenum.png","contentUrl":"https:\/\/www.nova-bz.org\/wp-content\/uploads\/2021\/04\/neues-aus-dem-plenum.png","width":2400,"height":1800},{"@type":"BreadcrumbList","@id":"https:\/\/www.nova-bz.org\/de\/der-landtag\/neues-aus-dem-plenum\/#breadcrumb","itemListElement":[{"@type":"ListItem","position":1,"name":"Home","item":"https:\/\/www.nova-bz.org\/de\/"},{"@type":"ListItem","position":2,"name":"Der Landtag","item":"https:\/\/www.nova-bz.org\/de\/der-landtag\/"},{"@type":"ListItem","position":3,"name":"Neues aus dem Plenum"}]},{"@type":"WebSite","@id":"https:\/\/www.nova-bz.org\/#website","url":"https:\/\/www.nova-bz.org\/","name":"Nova","description":"Wir m\u00f6chten Dich f\u00fcr Politik begeistern","potentialAction":[{"@type":"SearchAction","target":{"@type":"EntryPoint","urlTemplate":"https:\/\/www.nova-bz.org\/?s={search_term_string}"},"query-input":{"@type":"PropertyValueSpecification","valueRequired":true,"valueName":"search_term_string"}}],"inLanguage":"de"},false]}},"yasr_visitor_votes":{"stars_attributes":{"read_only":false,"span_bottom":false},"number_of_votes":7,"sum_votes":23},"jetpack_sharing_enabled":true,"_links":{"self":[{"href":"https:\/\/www.nova-bz.org\/de\/wp-json\/wp\/v2\/pages\/3510","targetHints":{"allow":["GET"]}}],"collection":[{"href":"https:\/\/www.nova-bz.org\/de\/wp-json\/wp\/v2\/pages"}],"about":[{"href":"https:\/\/www.nova-bz.org\/de\/wp-json\/wp\/v2\/types\/page"}],"author":[{"embeddable":true,"href":"https:\/\/www.nova-bz.org\/de\/wp-json\/wp\/v2\/users\/36"}],"replies":[{"embeddable":true,"href":"https:\/\/www.nova-bz.org\/de\/wp-json\/wp\/v2\/comments?post=3510"}],"version-history":[{"count":7,"href":"https:\/\/www.nova-bz.org\/de\/wp-json\/wp\/v2\/pages\/3510\/revisions"}],"predecessor-version":[{"id":5702,"href":"https:\/\/www.nova-bz.org\/de\/wp-json\/wp\/v2\/pages\/3510\/revisions\/5702"}],"up":[{"embeddable":true,"href":"https:\/\/www.nova-bz.org\/de\/wp-json\/wp\/v2\/pages\/680"}],"wp:featuredmedia":[{"embeddable":true,"href":"https:\/\/www.nova-bz.org\/de\/wp-json\/wp\/v2\/media\/3545"}],"wp:attachment":[{"href":"https:\/\/www.nova-bz.org\/de\/wp-json\/wp\/v2\/media?parent=3510"}],"wp:term":[{"taxonomy":"post_tag","embeddable":true,"href":"https:\/\/www.nova-bz.org\/de\/wp-json\/wp\/v2\/tags?post=3510"}],"curies":[{"name":"wp","href":"https:\/\/api.w.org\/{rel}","templated":true}]}}