{"id":2991,"date":"2021-03-18T07:57:27","date_gmt":"2021-03-18T06:57:27","guid":{"rendered":"https:\/\/www.nova-bz.org\/?page_id=2991"},"modified":"2024-05-24T15:11:08","modified_gmt":"2024-05-24T13:11:08","slug":"cookie-richtlinien","status":"publish","type":"page","link":"https:\/\/www.nova-bz.org\/de\/cookie-richtlinien\/","title":{"rendered":"Cookie-Richtlinien"},"content":{"rendered":"\n<h3 class=\"wp-block-heading\"><strong>Verantwortlicher der Datenverarbeitung<\/strong><\/h3>\n\n\n\n<p>S\u00fcdtiroler Landtag <br>Silvius-Magnago-Platz Nr.6 39100 Bozen (BZ)<br>privacy@consiglio-bz.org<\/p>\n\n\n\n<h3 class=\"wp-block-heading\"><strong>Datenschutzbeauftragter oder Data Protection Officer (DPO)<\/strong><\/h3>\n\n\n\n<p>Die Kontaktdaten des Datenschutzbeauftragten (DPO \u2013 Data Protection Officer) sind folgende:<\/p>\n\n\n\n<ul class=\"wp-block-list\">\n<li>Compliance Consulting GmbH<\/li>\n\n\n\n<li>Mail: dpo@com-co.it<\/li>\n<\/ul>\n\n\n\n<h3 class=\"wp-block-heading\"><strong>Was sind Cookies?<\/strong><\/h3>\n\n\n\n<p>Rechtsgrundlage f\u00fcr die Verwaltung von Cookies ist die allgemeine Ma\u00dfnahme der Datenschutzbeh\u00f6rde bez\u00fcglich Cookies vom 8. Mai 2014. Cookies sind kleine von der Seite an das Ger\u00e4t des Nutzers (normalerweise an den Browser) gesendete Textdateien. Sie werden gespeichert um beim n\u00e4chsten Besuch desselben Nutzers wieder an die Seite \u00fcbertragen zu werden. W\u00e4hrend der Navigation auf einer Webseite k\u00f6nnen auch Cookies von anderen Internetseiten oder Webservern (s.g. \u201cDrittanbieter\u201d) an das Ger\u00e4t des Nutzers gesendet werden: auf der besuchten Webseite k\u00f6nnen einige Elemente (wie z. B. Bilder Karten Sounds spezifische Links zu Seiten anderer Domains) vorhanden sein die sich auf anderen Internetseiten oder Webservern befinden.<\/p>\n\n\n\n<p>Cookies k\u00f6nnen f\u00fcr verschiedene Zwecke verwendet werden wie zum Beispiel f\u00fcr die Durchf\u00fchrung der Computerauthentifizierung die Speicherung von Informationen in Bezug auf Konfigurationen der Maschinen die auf den Server zugreifen f\u00fcr die Speicherung bevorzugter Websites usw. Es folgen die von uns verwendeten Cookie-Typen.<\/p>\n\n\n\n<h3 class=\"wp-block-heading\"><strong>Cookie-Typen<\/strong><\/h3>\n\n\n\n<p>Unter den geltenden Rechtsvorschriften in Italien ist f\u00fcr die Verwendung von Cookies nicht immer die ausdr\u00fcckliche Zustimmung erforderlich. Insbesondere die sog. &#8222;technischen&#8220; Cookies erfordern diese nicht etwa zur \u00dcbertragung einer Nachricht \u00fcber ein elektronisches Kommunikationsnetzwerk oder um einen vom Benutzer explizit angeforderten Dienst bereitzustellen. Es handelt sich mit anderen Worten um unverzichtbare Cookies f\u00fcr das einwandfreie Funktionieren der Seite oder f\u00fcr Aktivit\u00e4ten die der Benutzer anfordert.<\/p>\n\n\n\n<ul class=\"wp-block-list\">\n<li><strong>Technische Cookies:<\/strong> technische Cookies sind zwingend n\u00f6tig f\u00fcr das einwandfreie Funktionieren der Webseite; diese werden nur f\u00fcr die Dauer der Navigation gespeichert. Zu den technischen Cookies die nicht die ausdr\u00fcckliche Zustimmung zu deren Verwendung ben\u00f6tigen z\u00e4hlt die Beh\u00f6rde f\u00fcr den Schutz personenbezogener Daten folgende Cookies (siehe. Prov.Gen. \u201eErkennung vereinfachter Verfahren f\u00fcr die Information und den Erhalt der Zustimmung f\u00fcr die Verwendung der Cookies &#8211; 8. Mai 2014\u201c):<\/li>\n\n\n\n<li><strong>\u201eAnalyse-Cookies&#8220; <\/strong>direkt eingesetzt durch den Seitenbetreiber um Informationen bez\u00fcglich Anzahl und Verhalten der Benutzer ebendieser Webseite zu sammeln<\/li>\n\n\n\n<li><strong>Cookies f\u00fcr die Navigation oder Sitzungs-Cookies<\/strong> (f\u00fcr die Authentifizierung einen Kauf zu t\u00e4tigen usw.)<\/li>\n\n\n\n<li><strong>Funktions-Cookies: <\/strong>Diese Cookies erm\u00f6glichen den Benutzern die Navigation aufgrund von einer Reihe von gew\u00e4hlten Funktionen (wie Spracheinstellungen die zum Kauf gew\u00e4hlten Waren) mit dem Zweck Komfort und Leistung der Webseite zu verbessern.<\/li>\n\n\n\n<li><strong>F\u00fcr Cookies<\/strong> die zur Erstellung von Nutzer-Profilen zur Erstellung von Werbebotschaften ausgerichtet sind ist eine vorherige Zustimmung des Benutzers notwendig und erfolgt in Einklang mit seinen Vorlieben die aus der Navigation zu erkennen sind.<\/li>\n\n\n\n<li><strong>Analytische Cookies:<\/strong> Analytische Cookies werden verwendet um aggregierte Informationen \u00fcber die Anzahl der Besucher und das Besucherverhalten auf statistischer Ebene zu erheben (z.B. MatomoAnalytics). Diese Cookies sammeln weder Informationen \u00fcber die Identit\u00e4t des Benutzers noch personenbezogene Daten: diese Cookies sind mit technischen Cookies vergleichbar da die vierte Komponente der IP-Adresse maskiert wird. Die Informationen werden in aggregierter und anonymisierter Form verarbeitet. In diesem Fall verwenden wir das von Matomo bereitgestellte Analysewerkzeug. Die \u00fcber die Website (potenziell) erfassten Daten werden nicht \u00fcber den EWR hinaus \u00fcbertragen.<\/li>\n\n\n\n<li><strong>Drittanbieter-Cookies:<\/strong> werden von anderen Websites erstellt. Diesen Websites geh\u00f6ren einige der Inhalte wie z. B. Werbeanzeigen oder Bilder die Sie auf der besuchten Webseite sehen.<\/li>\n<\/ul>\n\n\n\n<h3 class=\"wp-block-heading\"><strong>Die von unserer Webseite verwendeten Cookies<\/strong><\/h3>\n\n\n\n<p>Diese Webseite verwendet nur technische Cookies.<br>Diese Seite verwendet keine analytischen Cookies oder Profilierungscookies.<\/p>\n\n\n\n<p>Es folgt die Auflistung der von uns verwendeten Cookies:<\/p>\n\n\n\n<table id=\"tablepress-1\" class=\"tablepress tablepress-id-1\">\n<thead>\n<tr class=\"row-1\">\n\t<th class=\"column-1\">Nome\/name<\/th><th class=\"column-2\">Durata\/Dauer<\/th><th class=\"column-3\">Scopo di utilizzo\/Zweck<\/th>\n<\/tr>\n<\/thead>\n<tbody class=\"row-striping row-hover\">\n<tr class=\"row-2\">\n\t<td class=\"column-1\">wpml_browser_redirect_test<\/td><td class=\"column-2\">Sessione<\/td><td class=\"column-3\">Verifica se i cookie sono abilitati. Questo cookie \u00e8 abilitato per tutti i visitatori del sito se utilizzi la funzione di reindirizzamento della lingua del browser. \/ \u00dcberpr\u00fcft, ob Cookies aktiviert sind. Dieses Cookie ist f\u00fcr alle Besucher der Website aktiviert, wenn Sie die Browser-Sprachumleitungsfunktion verwenden.<\/td>\n<\/tr>\n<\/tbody>\n<\/table>\n<!-- #tablepress-1 from cache -->\n\n\n<p><strong>Kurzinformation f\u00fcr den ersten Zugriff &#8211; \u201cBanner\u201d. <\/strong>Das Banner, das sich beim ersten Zugriff auf die Webseite \u00f6ffnet, erlaubt dem Besucher, die wesentlichen Informationen hinsichtlich der Verwendung von Cookies einzusehen, und enth\u00e4lt einen Link zu der kompletten Cookie Policy.<\/p>\n\n\n\n<p>Aktualisierungsdatum: 15\/05\/2024<\/p>\n","protected":false},"excerpt":{"rendered":"<p>Verantwortlicher der Datenverarbeitung S\u00fcdtiroler Landtag Silvius-Magnago-Platz Nr.6 39100 Bozen (BZ)privacy@consiglio-bz.org Datenschutzbeauftragter oder Data Protection Officer&#8230;<\/p>\n","protected":false},"author":1,"featured_media":0,"parent":0,"menu_order":9,"comment_status":"closed","ping_status":"closed","template":"","meta":{"_acf_changed":false,"yasr_overall_rating":0,"yasr_post_is_review":"","yasr_auto_insert_disabled":"","yasr_review_type":"","footnotes":""},"tags":[],"class_list":["post-2991","page","type-page","status-publish","hentry"],"acf":[],"yoast_head":"<!-- This site is optimized with the Yoast SEO plugin v25.3.1 - https:\/\/yoast.com\/wordpress\/plugins\/seo\/ -->\n<title>Cookie-Richtlinien - Nova<\/title>\n<meta name=\"robots\" content=\"index, follow, max-snippet:-1, max-image-preview:large, max-video-preview:-1\" \/>\n<link rel=\"canonical\" href=\"https:\/\/www.nova-bz.org\/de\/cookie-richtlinien\/\" \/>\n<meta property=\"og:locale\" content=\"de_DE\" \/>\n<meta property=\"og:type\" content=\"article\" \/>\n<meta property=\"og:title\" content=\"Cookie-Richtlinien - Nova\" \/>\n<meta property=\"og:description\" content=\"Verantwortlicher der Datenverarbeitung S\u00fcdtiroler Landtag Silvius-Magnago-Platz Nr.6 39100 Bozen (BZ)privacy@consiglio-bz.org Datenschutzbeauftragter oder Data Protection Officer...\" \/>\n<meta property=\"og:url\" content=\"https:\/\/www.nova-bz.org\/de\/cookie-richtlinien\/\" \/>\n<meta property=\"og:site_name\" content=\"Nova\" \/>\n<meta property=\"article:publisher\" content=\"https:\/\/www.facebook.com\/novabz.org\" \/>\n<meta property=\"article:modified_time\" content=\"2024-05-24T13:11:08+00:00\" \/>\n<meta property=\"og:image\" content=\"https:\/\/www.nova-bz.org\/wp-content\/uploads\/2021\/02\/facebook_image.png\" \/>\n\t<meta property=\"og:image:width\" content=\"1200\" \/>\n\t<meta property=\"og:image:height\" content=\"627\" \/>\n\t<meta property=\"og:image:type\" content=\"image\/png\" \/>\n<meta name=\"twitter:card\" content=\"summary_large_image\" \/>\n<meta name=\"twitter:site\" content=\"@nova_bz_org\" \/>\n<meta name=\"twitter:label1\" content=\"Gesch\u00e4tzte Lesezeit\" \/>\n\t<meta name=\"twitter:data1\" content=\"4\u00a0Minuten\" \/>\n<script type=\"application\/ld+json\" class=\"yoast-schema-graph\">{\"@context\":\"https:\/\/schema.org\",\"@graph\":[{\"@type\":\"WebPage\",\"@id\":\"https:\/\/www.nova-bz.org\/de\/cookie-richtlinien\/\",\"url\":\"https:\/\/www.nova-bz.org\/de\/cookie-richtlinien\/\",\"name\":\"Cookie-Richtlinien - Nova\",\"isPartOf\":{\"@id\":\"https:\/\/www.nova-bz.org\/#website\"},\"datePublished\":\"2021-03-18T06:57:27+00:00\",\"dateModified\":\"2024-05-24T13:11:08+00:00\",\"breadcrumb\":{\"@id\":\"https:\/\/www.nova-bz.org\/de\/cookie-richtlinien\/#breadcrumb\"},\"inLanguage\":\"de\",\"potentialAction\":[{\"@type\":\"ReadAction\",\"target\":[\"https:\/\/www.nova-bz.org\/de\/cookie-richtlinien\/\"]}]},{\"@type\":\"BreadcrumbList\",\"@id\":\"https:\/\/www.nova-bz.org\/de\/cookie-richtlinien\/#breadcrumb\",\"itemListElement\":[{\"@type\":\"ListItem\",\"position\":1,\"name\":\"Home\",\"item\":\"https:\/\/www.nova-bz.org\/de\/\"},{\"@type\":\"ListItem\",\"position\":2,\"name\":\"Cookie-Richtlinien\"}]},{\"@type\":\"WebSite\",\"@id\":\"https:\/\/www.nova-bz.org\/#website\",\"url\":\"https:\/\/www.nova-bz.org\/\",\"name\":\"Nova\",\"description\":\"Wir m\u00f6chten Dich f\u00fcr Politik begeistern\",\"potentialAction\":[{\"@type\":\"SearchAction\",\"target\":{\"@type\":\"EntryPoint\",\"urlTemplate\":\"https:\/\/www.nova-bz.org\/?s={search_term_string}\"},\"query-input\":{\"@type\":\"PropertyValueSpecification\",\"valueRequired\":true,\"valueName\":\"search_term_string\"}}],\"inLanguage\":\"de\"},false]}<\/script>\n<!-- \/ Yoast SEO plugin. -->","yoast_head_json":{"title":"Cookie-Richtlinien - Nova","robots":{"index":"index","follow":"follow","max-snippet":"max-snippet:-1","max-image-preview":"max-image-preview:large","max-video-preview":"max-video-preview:-1"},"canonical":"https:\/\/www.nova-bz.org\/de\/cookie-richtlinien\/","og_locale":"de_DE","og_type":"article","og_title":"Cookie-Richtlinien - Nova","og_description":"Verantwortlicher der Datenverarbeitung S\u00fcdtiroler Landtag Silvius-Magnago-Platz Nr.6 39100 Bozen (BZ)privacy@consiglio-bz.org Datenschutzbeauftragter oder Data Protection Officer...","og_url":"https:\/\/www.nova-bz.org\/de\/cookie-richtlinien\/","og_site_name":"Nova","article_publisher":"https:\/\/www.facebook.com\/novabz.org","article_modified_time":"2024-05-24T13:11:08+00:00","og_image":[{"width":1200,"height":627,"url":"https:\/\/www.nova-bz.org\/wp-content\/uploads\/2021\/02\/facebook_image.png","type":"image\/png"}],"twitter_card":"summary_large_image","twitter_site":"@nova_bz_org","twitter_misc":{"Gesch\u00e4tzte Lesezeit":"4\u00a0Minuten"},"schema":{"@context":"https:\/\/schema.org","@graph":[{"@type":"WebPage","@id":"https:\/\/www.nova-bz.org\/de\/cookie-richtlinien\/","url":"https:\/\/www.nova-bz.org\/de\/cookie-richtlinien\/","name":"Cookie-Richtlinien - Nova","isPartOf":{"@id":"https:\/\/www.nova-bz.org\/#website"},"datePublished":"2021-03-18T06:57:27+00:00","dateModified":"2024-05-24T13:11:08+00:00","breadcrumb":{"@id":"https:\/\/www.nova-bz.org\/de\/cookie-richtlinien\/#breadcrumb"},"inLanguage":"de","potentialAction":[{"@type":"ReadAction","target":["https:\/\/www.nova-bz.org\/de\/cookie-richtlinien\/"]}]},{"@type":"BreadcrumbList","@id":"https:\/\/www.nova-bz.org\/de\/cookie-richtlinien\/#breadcrumb","itemListElement":[{"@type":"ListItem","position":1,"name":"Home","item":"https:\/\/www.nova-bz.org\/de\/"},{"@type":"ListItem","position":2,"name":"Cookie-Richtlinien"}]},{"@type":"WebSite","@id":"https:\/\/www.nova-bz.org\/#website","url":"https:\/\/www.nova-bz.org\/","name":"Nova","description":"Wir m\u00f6chten Dich f\u00fcr Politik begeistern","potentialAction":[{"@type":"SearchAction","target":{"@type":"EntryPoint","urlTemplate":"https:\/\/www.nova-bz.org\/?s={search_term_string}"},"query-input":{"@type":"PropertyValueSpecification","valueRequired":true,"valueName":"search_term_string"}}],"inLanguage":"de"},false]}},"yasr_visitor_votes":{"stars_attributes":{"read_only":false,"span_bottom":false},"number_of_votes":0,"sum_votes":0},"jetpack_sharing_enabled":true,"_links":{"self":[{"href":"https:\/\/www.nova-bz.org\/de\/wp-json\/wp\/v2\/pages\/2991","targetHints":{"allow":["GET"]}}],"collection":[{"href":"https:\/\/www.nova-bz.org\/de\/wp-json\/wp\/v2\/pages"}],"about":[{"href":"https:\/\/www.nova-bz.org\/de\/wp-json\/wp\/v2\/types\/page"}],"author":[{"embeddable":true,"href":"https:\/\/www.nova-bz.org\/de\/wp-json\/wp\/v2\/users\/1"}],"replies":[{"embeddable":true,"href":"https:\/\/www.nova-bz.org\/de\/wp-json\/wp\/v2\/comments?post=2991"}],"version-history":[{"count":5,"href":"https:\/\/www.nova-bz.org\/de\/wp-json\/wp\/v2\/pages\/2991\/revisions"}],"predecessor-version":[{"id":6463,"href":"https:\/\/www.nova-bz.org\/de\/wp-json\/wp\/v2\/pages\/2991\/revisions\/6463"}],"wp:attachment":[{"href":"https:\/\/www.nova-bz.org\/de\/wp-json\/wp\/v2\/media?parent=2991"}],"wp:term":[{"taxonomy":"post_tag","embeddable":true,"href":"https:\/\/www.nova-bz.org\/de\/wp-json\/wp\/v2\/tags?post=2991"}],"curies":[{"name":"wp","href":"https:\/\/api.w.org\/{rel}","templated":true}]}}