{"id":1691,"date":"2020-10-09T10:27:31","date_gmt":"2020-10-09T08:27:31","guid":{"rendered":"http:\/\/blitz.grop.xyz\/?page_id=1691"},"modified":"2025-04-17T10:50:26","modified_gmt":"2025-04-17T08:50:26","slug":"netiquette","status":"publish","type":"page","link":"https:\/\/www.nova-bz.org\/de\/netiquette\/","title":{"rendered":"Netiquette"},"content":{"rendered":"\n<h2 class=\"wp-block-heading\">1. Bitte bleib h\u00f6flich<\/h2>\n\n\n\n<p>Behandle die anderen so respektvoll und freundlich, wie du auch behandelt werden m\u00f6chtest. Die Regeln des Anstandes und der H\u00f6flichkeit gelten auch im Internet. \u00c4u\u00dfere deine Kritik daher sachlich und konstruktiv.<\/p>\n\n\n\n<h2 class=\"wp-block-heading\">2. Keine Schimpfw\u00f6rter<\/h2>\n\n\n\n<p>Beitr\u00e4ge, in denen Schimpfw\u00f6rter verwendet werden, werden nicht freigegeben oder nachtr\u00e4glich durch die Redaktion gel\u00f6scht. Das Gleiche gilt f\u00fcr rassistische, sexistische, pornographische, fremdenfeindliche, Gewalt verherrlichende, rechts- oder linksextreme und sonstige \u00e4hnlich geartete \u00c4u\u00dferungen.<\/p>\n\n\n\n<h2 class=\"wp-block-heading\">3. Kommentiere themenbezogen und bring deine Meinung auf den Punkt<\/h2>\n\n\n\n<p>Kommentare sollen einen klaren Bezug zum Inhalt des entsprechenden Artikels haben, sonst werden sie gel\u00f6scht. Halte deine Kommentare bitte so kurz wie m\u00f6glich.<\/p>\n\n\n\n<h2 class=\"wp-block-heading\">4. Keine privaten Daten, kein Spam, keine Werbung<\/h2>\n\n\n\n<p>Kommentare, die pers\u00f6nliche Daten, Spam oder Werbung enthalten, werden umgehend gel\u00f6scht.<\/p>\n\n\n\n<h2 class=\"wp-block-heading\">5. Steh zu deiner Meinung<\/h2>\n\n\n\n<p>Verwende kein Pseudonym, sondern deinen richtigen Namen. Damit verleihst du deinem Standpunkt mehr Kraft.  Pseudonyme sch\u00fctzen dich nicht vor m\u00f6glichen rechtlichen Konsequenzen, wenn deine Kommentare gegen geltende gesetzliche Bestimmungen versto\u00dfen.<\/p>\n\n\n\n<h2 class=\"wp-block-heading\"><\/h2>\n","protected":false},"excerpt":{"rendered":"<p>1. Bitte bleib h\u00f6flich Behandle die anderen so respektvoll und freundlich, wie du auch behandelt&#8230;<\/p>\n","protected":false},"author":36,"featured_media":1580,"parent":0,"menu_order":27,"comment_status":"open","ping_status":"closed","template":"","meta":{"_acf_changed":false,"yasr_overall_rating":0,"yasr_post_is_review":"","yasr_auto_insert_disabled":"","yasr_review_type":"","footnotes":""},"tags":[],"class_list":["post-1691","page","type-page","status-publish","has-post-thumbnail","hentry"],"acf":[],"yoast_head":"<!-- This site is optimized with the Yoast SEO plugin v25.3.1 - https:\/\/yoast.com\/wordpress\/plugins\/seo\/ -->\n<title>Netiquette - Nova<\/title>\n<meta name=\"robots\" content=\"index, follow, max-snippet:-1, max-image-preview:large, max-video-preview:-1\" \/>\n<link rel=\"canonical\" href=\"https:\/\/www.nova-bz.org\/de\/netiquette\/\" \/>\n<meta property=\"og:locale\" content=\"de_DE\" \/>\n<meta property=\"og:type\" content=\"article\" \/>\n<meta property=\"og:title\" content=\"Netiquette - Nova\" \/>\n<meta property=\"og:description\" content=\"1. Bitte bleib h\u00f6flich Behandle die anderen so respektvoll und freundlich, wie du auch behandelt...\" \/>\n<meta property=\"og:url\" content=\"https:\/\/www.nova-bz.org\/de\/netiquette\/\" \/>\n<meta property=\"og:site_name\" content=\"Nova\" \/>\n<meta property=\"article:publisher\" content=\"https:\/\/www.facebook.com\/novabz.org\" \/>\n<meta property=\"article:modified_time\" content=\"2025-04-17T08:50:26+00:00\" \/>\n<meta property=\"og:image\" content=\"https:\/\/www.nova-bz.org\/wp-content\/uploads\/2020\/09\/consiglio-funzioni-xl.png\" \/>\n\t<meta property=\"og:image:width\" content=\"1920\" \/>\n\t<meta property=\"og:image:height\" content=\"1052\" \/>\n\t<meta property=\"og:image:type\" content=\"image\/png\" \/>\n<meta name=\"twitter:card\" content=\"summary_large_image\" \/>\n<meta name=\"twitter:site\" content=\"@nova_bz_org\" \/>\n<meta name=\"twitter:label1\" content=\"Gesch\u00e4tzte Lesezeit\" \/>\n\t<meta name=\"twitter:data1\" content=\"2\u00a0Minuten\" \/>\n<script type=\"application\/ld+json\" class=\"yoast-schema-graph\">{\"@context\":\"https:\/\/schema.org\",\"@graph\":[{\"@type\":\"WebPage\",\"@id\":\"https:\/\/www.nova-bz.org\/de\/netiquette\/\",\"url\":\"https:\/\/www.nova-bz.org\/de\/netiquette\/\",\"name\":\"Netiquette - Nova\",\"isPartOf\":{\"@id\":\"https:\/\/www.nova-bz.org\/#website\"},\"primaryImageOfPage\":{\"@id\":\"https:\/\/www.nova-bz.org\/de\/netiquette\/#primaryimage\"},\"image\":{\"@id\":\"https:\/\/www.nova-bz.org\/de\/netiquette\/#primaryimage\"},\"thumbnailUrl\":\"https:\/\/www.nova-bz.org\/wp-content\/uploads\/2020\/09\/consiglio-funzioni-xl.png\",\"datePublished\":\"2020-10-09T08:27:31+00:00\",\"dateModified\":\"2025-04-17T08:50:26+00:00\",\"breadcrumb\":{\"@id\":\"https:\/\/www.nova-bz.org\/de\/netiquette\/#breadcrumb\"},\"inLanguage\":\"de\",\"potentialAction\":[{\"@type\":\"ReadAction\",\"target\":[\"https:\/\/www.nova-bz.org\/de\/netiquette\/\"]}]},{\"@type\":\"ImageObject\",\"inLanguage\":\"de\",\"@id\":\"https:\/\/www.nova-bz.org\/de\/netiquette\/#primaryimage\",\"url\":\"https:\/\/www.nova-bz.org\/wp-content\/uploads\/2020\/09\/consiglio-funzioni-xl.png\",\"contentUrl\":\"https:\/\/www.nova-bz.org\/wp-content\/uploads\/2020\/09\/consiglio-funzioni-xl.png\",\"width\":1920,\"height\":1052,\"caption\":\"Le funzioni dei consiglieri e delle consigliere\"},{\"@type\":\"BreadcrumbList\",\"@id\":\"https:\/\/www.nova-bz.org\/de\/netiquette\/#breadcrumb\",\"itemListElement\":[{\"@type\":\"ListItem\",\"position\":1,\"name\":\"Home\",\"item\":\"https:\/\/www.nova-bz.org\/de\/\"},{\"@type\":\"ListItem\",\"position\":2,\"name\":\"Netiquette\"}]},{\"@type\":\"WebSite\",\"@id\":\"https:\/\/www.nova-bz.org\/#website\",\"url\":\"https:\/\/www.nova-bz.org\/\",\"name\":\"Nova\",\"description\":\"Wir m\u00f6chten Dich f\u00fcr Politik begeistern\",\"potentialAction\":[{\"@type\":\"SearchAction\",\"target\":{\"@type\":\"EntryPoint\",\"urlTemplate\":\"https:\/\/www.nova-bz.org\/?s={search_term_string}\"},\"query-input\":{\"@type\":\"PropertyValueSpecification\",\"valueRequired\":true,\"valueName\":\"search_term_string\"}}],\"inLanguage\":\"de\"},false]}<\/script>\n<!-- \/ Yoast SEO plugin. -->","yoast_head_json":{"title":"Netiquette - Nova","robots":{"index":"index","follow":"follow","max-snippet":"max-snippet:-1","max-image-preview":"max-image-preview:large","max-video-preview":"max-video-preview:-1"},"canonical":"https:\/\/www.nova-bz.org\/de\/netiquette\/","og_locale":"de_DE","og_type":"article","og_title":"Netiquette - Nova","og_description":"1. Bitte bleib h\u00f6flich Behandle die anderen so respektvoll und freundlich, wie du auch behandelt...","og_url":"https:\/\/www.nova-bz.org\/de\/netiquette\/","og_site_name":"Nova","article_publisher":"https:\/\/www.facebook.com\/novabz.org","article_modified_time":"2025-04-17T08:50:26+00:00","og_image":[{"width":1920,"height":1052,"url":"https:\/\/www.nova-bz.org\/wp-content\/uploads\/2020\/09\/consiglio-funzioni-xl.png","type":"image\/png"}],"twitter_card":"summary_large_image","twitter_site":"@nova_bz_org","twitter_misc":{"Gesch\u00e4tzte Lesezeit":"2\u00a0Minuten"},"schema":{"@context":"https:\/\/schema.org","@graph":[{"@type":"WebPage","@id":"https:\/\/www.nova-bz.org\/de\/netiquette\/","url":"https:\/\/www.nova-bz.org\/de\/netiquette\/","name":"Netiquette - Nova","isPartOf":{"@id":"https:\/\/www.nova-bz.org\/#website"},"primaryImageOfPage":{"@id":"https:\/\/www.nova-bz.org\/de\/netiquette\/#primaryimage"},"image":{"@id":"https:\/\/www.nova-bz.org\/de\/netiquette\/#primaryimage"},"thumbnailUrl":"https:\/\/www.nova-bz.org\/wp-content\/uploads\/2020\/09\/consiglio-funzioni-xl.png","datePublished":"2020-10-09T08:27:31+00:00","dateModified":"2025-04-17T08:50:26+00:00","breadcrumb":{"@id":"https:\/\/www.nova-bz.org\/de\/netiquette\/#breadcrumb"},"inLanguage":"de","potentialAction":[{"@type":"ReadAction","target":["https:\/\/www.nova-bz.org\/de\/netiquette\/"]}]},{"@type":"ImageObject","inLanguage":"de","@id":"https:\/\/www.nova-bz.org\/de\/netiquette\/#primaryimage","url":"https:\/\/www.nova-bz.org\/wp-content\/uploads\/2020\/09\/consiglio-funzioni-xl.png","contentUrl":"https:\/\/www.nova-bz.org\/wp-content\/uploads\/2020\/09\/consiglio-funzioni-xl.png","width":1920,"height":1052,"caption":"Le funzioni dei consiglieri e delle consigliere"},{"@type":"BreadcrumbList","@id":"https:\/\/www.nova-bz.org\/de\/netiquette\/#breadcrumb","itemListElement":[{"@type":"ListItem","position":1,"name":"Home","item":"https:\/\/www.nova-bz.org\/de\/"},{"@type":"ListItem","position":2,"name":"Netiquette"}]},{"@type":"WebSite","@id":"https:\/\/www.nova-bz.org\/#website","url":"https:\/\/www.nova-bz.org\/","name":"Nova","description":"Wir m\u00f6chten Dich f\u00fcr Politik begeistern","potentialAction":[{"@type":"SearchAction","target":{"@type":"EntryPoint","urlTemplate":"https:\/\/www.nova-bz.org\/?s={search_term_string}"},"query-input":{"@type":"PropertyValueSpecification","valueRequired":true,"valueName":"search_term_string"}}],"inLanguage":"de"},false]}},"yasr_visitor_votes":{"stars_attributes":{"read_only":false,"span_bottom":false},"number_of_votes":0,"sum_votes":0},"jetpack_sharing_enabled":true,"_links":{"self":[{"href":"https:\/\/www.nova-bz.org\/de\/wp-json\/wp\/v2\/pages\/1691","targetHints":{"allow":["GET"]}}],"collection":[{"href":"https:\/\/www.nova-bz.org\/de\/wp-json\/wp\/v2\/pages"}],"about":[{"href":"https:\/\/www.nova-bz.org\/de\/wp-json\/wp\/v2\/types\/page"}],"author":[{"embeddable":true,"href":"https:\/\/www.nova-bz.org\/de\/wp-json\/wp\/v2\/users\/36"}],"replies":[{"embeddable":true,"href":"https:\/\/www.nova-bz.org\/de\/wp-json\/wp\/v2\/comments?post=1691"}],"version-history":[{"count":7,"href":"https:\/\/www.nova-bz.org\/de\/wp-json\/wp\/v2\/pages\/1691\/revisions"}],"predecessor-version":[{"id":6628,"href":"https:\/\/www.nova-bz.org\/de\/wp-json\/wp\/v2\/pages\/1691\/revisions\/6628"}],"wp:featuredmedia":[{"embeddable":true,"href":"https:\/\/www.nova-bz.org\/de\/wp-json\/wp\/v2\/media\/1580"}],"wp:attachment":[{"href":"https:\/\/www.nova-bz.org\/de\/wp-json\/wp\/v2\/media?parent=1691"}],"wp:term":[{"taxonomy":"post_tag","embeddable":true,"href":"https:\/\/www.nova-bz.org\/de\/wp-json\/wp\/v2\/tags?post=1691"}],"curies":[{"name":"wp","href":"https:\/\/api.w.org\/{rel}","templated":true}]}}