{"id":1672,"date":"2020-10-05T12:42:20","date_gmt":"2020-10-05T10:42:20","guid":{"rendered":"http:\/\/blitz.grop.xyz\/?page_id=1672"},"modified":"2025-04-17T10:59:22","modified_gmt":"2025-04-17T08:59:22","slug":"leichte-sprache","status":"publish","type":"page","link":"https:\/\/www.nova-bz.org\/de\/leichte-sprache\/","title":{"rendered":"Landtag einfach erkl\u00e4rt"},"content":{"rendered":"\n<p>S\u00fcdtirol ist ein demokratisches Land.<br>Das hei\u00dft, dass die Bev\u00f6lkerung<br>bei den wichtigsten Entscheidungen mitbestimmen kann.<br>Sie bestimmt zum Beispiel,<br>wer das Land regieren soll.<\/p>\n\n\n\n<p>In einer Diktatur bestimmt ein<br>Mensch oder einer Gruppe alles<br>und herrscht \u00fcber alle anderen.<\/p>\n\n\n\n<p>In einer Demokratie ist die<br>Macht aufgeteilt auf<br>verschiedene Gruppen.<br>Das nennt man die Gewaltenteilung.<br>Die drei wichtigsten Gewalten sind:<\/p>\n\n\n\n<p>Die Gesetzgebung, die Regierung und die Rechtsprechung.<\/p>\n\n\n\n<h2 class=\"wp-block-heading\">Die Gesetzgebung<\/h2>\n\n\n\n<p>F\u00fcr ein friedliches Zusammenleben zwischen<br>Menschen in einem Land<br>braucht es Gesetze.<br>Das Parlament in Rom macht Gesetze.<br>Diese gelten in ganz Italien.<br>Der S\u00fcdtiroler Landtag ist das Landes-Parlament.<br>Es macht auch Gesetze.<br>Man nennt sie die Landes-Gesetze<br>und sie gelten nur in S\u00fcdtirol.<\/p>\n\n\n\n<p>Die Frauen und M\u00e4nner im Parlament hei\u00dfen Abgeordnete.<br>Die Abgeordneten im Parlament<br>und die Abgeordneten im Landtag<br>werden vom Volk gew\u00e4hlt.<\/p>\n\n\n\n<h2 class=\"wp-block-heading\">Die Regierung<\/h2>\n\n\n\n<p>Die Regierung wendet die Gesetze an.<br>Sie f\u00fchrt das aus, was in den Gesetzen drinsteht.<br>Sie passt auf, dass sich alle an die Gesetze halten.<br>F\u00fcr S\u00fcdtirol macht das die Landes-Regierung in Bozen.<br>Die Landes-Regierung wird vom Landtag gew\u00e4hlt.<\/p>\n\n\n\n<h2 class=\"wp-block-heading\">Die Rechtsprechung<\/h2>\n\n\n\n<p>Das sind die Gerichte.<br>Sie strafen jene, die sich nicht an die Gesetze halten.<br>Sie entscheiden bei Streitf\u00e4llen.<\/p>\n\n\n\n<h2 class=\"wp-block-heading\">Wie wird der Landtag gew\u00e4hlt?<\/h2>\n\n\n\n<p>Die Wahlen zum S\u00fcdtiroler Landtag finden alle 5 Jahre statt.<br>Dabei werden alle Abgeordneten des Landtags neu gew\u00e4hlt.<br>Jede Partei sucht Kandidaten und Kandidatinnen f\u00fcr die Wahl aus.<br>Diese Kandidaten und Kandidatinnen treten dann zur Wahl an.<\/p>\n\n\n\n<p>In einer Partei schlie\u00dfen sich Personen zusammen,<br>die gleiche Ansichten \u00fcber das Zusammenleben in einem Land haben.<br>Wie viele Abgeordnete f\u00fcr eine Partei im Landtag vertreten sind,<br>h\u00e4ngt vom Ausgang der Wahl ab.<br>Je mehr Stimmen eine Partei bei der Wahl bekommt,<br>desto mehr Abgeordnete aus dieser Partei sind dann im Landtag.<\/p>\n\n\n\n<p>Die W\u00e4hler und W\u00e4hlerinnen k\u00f6nnen auch Vorzugs-Stimmen geben<br>f\u00fcr einzelne Kandidaten und Kandidatinnen.<br>Die Vorzugsstimmen entscheiden,<br>welche Kandidaten und Kandidatinnen f\u00fcr eine bestimmte Partei<br>in den Landtag kommen.<\/p>\n\n\n\n<p>Alle S\u00fcdtiroler und S\u00fcdtirolerinnen d\u00fcrfen w\u00e4hlen,<br>wenn sie mindestens 18 Jahre alt sind.<br>Alle S\u00fcdtiroler und S\u00fcdtirolerinnen d\u00fcrfen selbst Abgeordnete werden,<br>wenn sie mindestens 18 Jahre alt sind.<\/p>\n\n\n\n<h2 class=\"wp-block-heading\">Wer leitet den Landtag?<\/h2>\n\n\n\n<p>Die gew\u00e4hlten Abgeordneten treffen sich in Sitzungen.<br>In der ersten Sitzung nach der Wahl<br>w\u00e4hlen die neuen Abgeordneten<br>den Landtags-Pr\u00e4sident oder die Landtags-Pr\u00e4sidentin.<br>Im Moment ist Josef Noggler der Landtags-Pr\u00e4sident.<br>Der Pr\u00e4sident leitet die Landtags-Sitzungen,<br>er passt auf, dass alle die Regeln einhalten.<br>Er bestimmt, wer gerade reden darf.<br>Er sorgt auch f\u00fcr Ruhe und Ordnung w\u00e4hrend der Sitzung.<\/p>\n\n\n\n<h2 class=\"wp-block-heading\">Was machen die Abgeordneten?<\/h2>\n\n\n\n<p>Sie w\u00e4hlen den Landtags-Pr\u00e4sident oder die Landtags-Pr\u00e4sidentin.<br>Sie w\u00e4hlen die Landes-Regierung, das hei\u00dft:<br>sie w\u00e4hlen den Landes-Hauptmann und die Landes-R\u00e4te.<\/p>\n\n\n\n<p>Sie kontrollieren die Landes-Regierung und die Landes-Verwaltung.<br>Sie diskutieren und beschlie\u00dfen die Landes-Gesetze.<br>Sie genehmigen den Landes-Haushalt, das hei\u00dft:<br>sie beschlie\u00dfen, wie viel Geld in S\u00fcdtirol wof\u00fcr ausgegeben wird.<br>Sie vertreten die gesamte Bev\u00f6lkerung in S\u00fcdtirol.<\/p>\n\n\n\n<h2 class=\"wp-block-heading\">Welche Parteien sind im S\u00fcdtiroler Landtag?<\/h2>\n\n\n\n<p>Der S\u00fcdtiroler Landtag hat 35 Abgeordnete.<br>Wie viele Abgeordnete jede Partei in den Landtag schicken kann,<br>h\u00e4ngt vom Ergebnis der Wahl ab.<br>Derzeit sind die Sitze so aufgeteilt:<\/p>\n\n\n\n<ul class=\"wp-block-list\">\n<li>S\u00fcdtiroler Volkspartei: 13 Abgeordnete <\/li>\n\n\n\n<li>Team K: 4 Abgeordnete <\/li>\n\n\n\n<li>S\u00dcD-TIROLER FREIHEIT: 4 Abgeordnete <\/li>\n\n\n\n<li>Gr\u00fcne Fraktion: 3 Abgeordnete <\/li>\n\n\n\n<li>Fratelli d\u2019Italia: 2 Abgeordnete <\/li>\n\n\n\n<li>JWA Wirth Anderlan: 1 Abgeordneter <\/li>\n\n\n\n<li>Die Freiheitlichen: 1 Abgeordnete <\/li>\n\n\n\n<li>PD &#8211; Demokratische Partei: 1 Abgeordneter <\/li>\n\n\n\n<li>F\u00fcr S\u00fcdtirol mit Widmann: 1 Abgeordneter <\/li>\n\n\n\n<li>FORZA ITALIA \u2013 UNITI PER L\u2019ALTO ADIGE: 1 Abgeordneter <\/li>\n\n\n\n<li>La Civica: 1 Abgeordneter <\/li>\n\n\n\n<li>VITA: 1 Abgeordnete <\/li>\n\n\n\n<li>Freie Fraktion: 1 Abgeordneter <\/li>\n\n\n\n<li>Wir B\u00fcrger &#8211; Noi Cittadini &#8211; N\u00ebus Zitadins: 1 Abgeordneter<\/li>\n<\/ul>\n\n\n\n<h2 class=\"wp-block-heading\">Was ist eine Landtags-Fraktion?<\/h2>\n\n\n\n<p>Im Landtag k\u00f6nnen sich die Abgeordneten zu Fraktionen zusammen-schlie\u00dfen.<br>Meistens bilden die Abgeordneten der gleichen Partei zusammen eine Fraktion.<br>Im Moment gibt es 14 Fraktionen.<br>Manchmal kommt es vor,<br>dass Abgeordnete nicht mehr die Meinung ihrer Partei teilen.<br>Dann treten diese Abgeordneten aus der Partei aus,<br>oder die Partei schlie\u00dft diese Abgeordneten aus.<br>Diese Abgeordneten d\u00fcrfen bis zur n\u00e4chsten Wahl im Landtag bleiben,<br>weil sie von der Bev\u00f6lkerung gew\u00e4hlt worden sind.<\/p>\n\n\n\n<h2 class=\"wp-block-heading\">Wie entsteht ein Gesetz?<\/h2>\n\n\n\n<p>Neue Gesetze k\u00f6nnen zum Beispiel<br>von der Landes-Regierung oder von den Abgeordneten vorgeschlagen werden.<br>Dazu reichen sie im Landtag einen Gesetz-Entwurf ein.<br>Dann diskutiert ein Fach-Ausschuss \u00fcber diesen Entwurf.<br>Er kann den Entwurf auch \u00e4ndern.<br>\u00dcber jede \u00c4nderung wird abgestimmt.<br>Zum Schluss stimmt der Landtag \u00fcber den ganzen Entwurf ab.<br>Wenn die meisten Abgeordneten daf\u00fcr stimmen,<br>dann wird aus dem Gesetz-Entwurf ein Gesetz.<\/p>\n","protected":false},"excerpt":{"rendered":"<p>Der S\u00fcdtiroler Landtag einfach erkl\u00e4rt<\/p>\n","protected":false},"author":36,"featured_media":1580,"parent":0,"menu_order":21,"comment_status":"open","ping_status":"closed","template":"","meta":{"_acf_changed":false,"yasr_overall_rating":0,"yasr_post_is_review":"","yasr_auto_insert_disabled":"","yasr_review_type":"","footnotes":""},"tags":[],"class_list":["post-1672","page","type-page","status-publish","has-post-thumbnail","hentry"],"acf":[],"yoast_head":"<!-- This site is optimized with the Yoast SEO plugin v25.3.1 - https:\/\/yoast.com\/wordpress\/plugins\/seo\/ -->\n<title>Landtag einfach erkl\u00e4rt - Nova<\/title>\n<meta name=\"description\" content=\"Politik ist manchmal schwer verst\u00e4ndlich. Deshalb erkl\u00e4rt dir NOVA den S\u00fcdtiroler Landtag und seine Aufgaben einfach und verst\u00e4ndlich!\" \/>\n<meta name=\"robots\" content=\"index, follow, max-snippet:-1, max-image-preview:large, max-video-preview:-1\" \/>\n<link rel=\"canonical\" href=\"https:\/\/www.nova-bz.org\/de\/leichte-sprache\/\" \/>\n<meta property=\"og:locale\" content=\"de_DE\" \/>\n<meta property=\"og:type\" content=\"article\" \/>\n<meta property=\"og:title\" content=\"NOVA erkl\u00e4rt den Landtag einfach und verst\u00e4ndlich\" \/>\n<meta property=\"og:description\" content=\"Politik ist manchmal schwer verst\u00e4ndlich. Deshalb erkl\u00e4rt dir NOVA den S\u00fcdtiroler Landtag und seine Aufgaben einfach und verst\u00e4ndlich!\" \/>\n<meta property=\"og:url\" content=\"https:\/\/www.nova-bz.org\/de\/leichte-sprache\/\" \/>\n<meta property=\"og:site_name\" content=\"Nova\" \/>\n<meta property=\"article:publisher\" content=\"https:\/\/www.facebook.com\/novabz.org\" \/>\n<meta property=\"article:modified_time\" content=\"2025-04-17T08:59:22+00:00\" \/>\n<meta property=\"og:image\" content=\"https:\/\/www.nova-bz.org\/wp-content\/uploads\/2020\/09\/consiglio-funzioni.png\" \/>\n\t<meta property=\"og:image:width\" content=\"800\" \/>\n\t<meta property=\"og:image:height\" content=\"800\" \/>\n\t<meta property=\"og:image:type\" content=\"image\/png\" \/>\n<meta name=\"twitter:card\" content=\"summary_large_image\" \/>\n<meta name=\"twitter:title\" content=\"NOVA erkl\u00e4rt den Landtag einfach und verst\u00e4ndlich\" \/>\n<meta name=\"twitter:description\" content=\"Politik ist manchmal schwer verst\u00e4ndlich. Deshalb erkl\u00e4rt dir NOVA den S\u00fcdtiroler Landtag und seine Aufgaben einfach und verst\u00e4ndlich!\" \/>\n<meta name=\"twitter:image\" content=\"https:\/\/www.nova-bz.org\/wp-content\/uploads\/2020\/09\/consiglio-funzioni.png\" \/>\n<meta name=\"twitter:site\" content=\"@nova_bz_org\" \/>\n<meta name=\"twitter:label1\" content=\"Gesch\u00e4tzte Lesezeit\" \/>\n\t<meta name=\"twitter:data1\" content=\"5\u00a0Minuten\" \/>\n<script type=\"application\/ld+json\" class=\"yoast-schema-graph\">{\"@context\":\"https:\/\/schema.org\",\"@graph\":[{\"@type\":\"WebPage\",\"@id\":\"https:\/\/www.nova-bz.org\/de\/leichte-sprache\/\",\"url\":\"https:\/\/www.nova-bz.org\/de\/leichte-sprache\/\",\"name\":\"Landtag einfach erkl\u00e4rt - Nova\",\"isPartOf\":{\"@id\":\"https:\/\/www.nova-bz.org\/#website\"},\"primaryImageOfPage\":{\"@id\":\"https:\/\/www.nova-bz.org\/de\/leichte-sprache\/#primaryimage\"},\"image\":{\"@id\":\"https:\/\/www.nova-bz.org\/de\/leichte-sprache\/#primaryimage\"},\"thumbnailUrl\":\"https:\/\/www.nova-bz.org\/wp-content\/uploads\/2020\/09\/consiglio-funzioni-xl.png\",\"datePublished\":\"2020-10-05T10:42:20+00:00\",\"dateModified\":\"2025-04-17T08:59:22+00:00\",\"description\":\"Politik ist manchmal schwer verst\u00e4ndlich. Deshalb erkl\u00e4rt dir NOVA den S\u00fcdtiroler Landtag und seine Aufgaben einfach und verst\u00e4ndlich!\",\"breadcrumb\":{\"@id\":\"https:\/\/www.nova-bz.org\/de\/leichte-sprache\/#breadcrumb\"},\"inLanguage\":\"de\",\"potentialAction\":[{\"@type\":\"ReadAction\",\"target\":[\"https:\/\/www.nova-bz.org\/de\/leichte-sprache\/\"]}]},{\"@type\":\"ImageObject\",\"inLanguage\":\"de\",\"@id\":\"https:\/\/www.nova-bz.org\/de\/leichte-sprache\/#primaryimage\",\"url\":\"https:\/\/www.nova-bz.org\/wp-content\/uploads\/2020\/09\/consiglio-funzioni-xl.png\",\"contentUrl\":\"https:\/\/www.nova-bz.org\/wp-content\/uploads\/2020\/09\/consiglio-funzioni-xl.png\",\"width\":1920,\"height\":1052,\"caption\":\"Le funzioni dei consiglieri e delle consigliere\"},{\"@type\":\"BreadcrumbList\",\"@id\":\"https:\/\/www.nova-bz.org\/de\/leichte-sprache\/#breadcrumb\",\"itemListElement\":[{\"@type\":\"ListItem\",\"position\":1,\"name\":\"Home\",\"item\":\"https:\/\/www.nova-bz.org\/de\/\"},{\"@type\":\"ListItem\",\"position\":2,\"name\":\"Landtag einfach erkl\u00e4rt\"}]},{\"@type\":\"WebSite\",\"@id\":\"https:\/\/www.nova-bz.org\/#website\",\"url\":\"https:\/\/www.nova-bz.org\/\",\"name\":\"Nova\",\"description\":\"Wir m\u00f6chten Dich f\u00fcr Politik begeistern\",\"potentialAction\":[{\"@type\":\"SearchAction\",\"target\":{\"@type\":\"EntryPoint\",\"urlTemplate\":\"https:\/\/www.nova-bz.org\/?s={search_term_string}\"},\"query-input\":{\"@type\":\"PropertyValueSpecification\",\"valueRequired\":true,\"valueName\":\"search_term_string\"}}],\"inLanguage\":\"de\"},false]}<\/script>\n<!-- \/ Yoast SEO plugin. -->","yoast_head_json":{"title":"Landtag einfach erkl\u00e4rt - Nova","description":"Politik ist manchmal schwer verst\u00e4ndlich. Deshalb erkl\u00e4rt dir NOVA den S\u00fcdtiroler Landtag und seine Aufgaben einfach und verst\u00e4ndlich!","robots":{"index":"index","follow":"follow","max-snippet":"max-snippet:-1","max-image-preview":"max-image-preview:large","max-video-preview":"max-video-preview:-1"},"canonical":"https:\/\/www.nova-bz.org\/de\/leichte-sprache\/","og_locale":"de_DE","og_type":"article","og_title":"NOVA erkl\u00e4rt den Landtag einfach und verst\u00e4ndlich","og_description":"Politik ist manchmal schwer verst\u00e4ndlich. Deshalb erkl\u00e4rt dir NOVA den S\u00fcdtiroler Landtag und seine Aufgaben einfach und verst\u00e4ndlich!","og_url":"https:\/\/www.nova-bz.org\/de\/leichte-sprache\/","og_site_name":"Nova","article_publisher":"https:\/\/www.facebook.com\/novabz.org","article_modified_time":"2025-04-17T08:59:22+00:00","og_image":[{"width":800,"height":800,"url":"https:\/\/www.nova-bz.org\/wp-content\/uploads\/2020\/09\/consiglio-funzioni.png","type":"image\/png"}],"twitter_card":"summary_large_image","twitter_title":"NOVA erkl\u00e4rt den Landtag einfach und verst\u00e4ndlich","twitter_description":"Politik ist manchmal schwer verst\u00e4ndlich. Deshalb erkl\u00e4rt dir NOVA den S\u00fcdtiroler Landtag und seine Aufgaben einfach und verst\u00e4ndlich!","twitter_image":"https:\/\/www.nova-bz.org\/wp-content\/uploads\/2020\/09\/consiglio-funzioni.png","twitter_site":"@nova_bz_org","twitter_misc":{"Gesch\u00e4tzte Lesezeit":"5\u00a0Minuten"},"schema":{"@context":"https:\/\/schema.org","@graph":[{"@type":"WebPage","@id":"https:\/\/www.nova-bz.org\/de\/leichte-sprache\/","url":"https:\/\/www.nova-bz.org\/de\/leichte-sprache\/","name":"Landtag einfach erkl\u00e4rt - Nova","isPartOf":{"@id":"https:\/\/www.nova-bz.org\/#website"},"primaryImageOfPage":{"@id":"https:\/\/www.nova-bz.org\/de\/leichte-sprache\/#primaryimage"},"image":{"@id":"https:\/\/www.nova-bz.org\/de\/leichte-sprache\/#primaryimage"},"thumbnailUrl":"https:\/\/www.nova-bz.org\/wp-content\/uploads\/2020\/09\/consiglio-funzioni-xl.png","datePublished":"2020-10-05T10:42:20+00:00","dateModified":"2025-04-17T08:59:22+00:00","description":"Politik ist manchmal schwer verst\u00e4ndlich. Deshalb erkl\u00e4rt dir NOVA den S\u00fcdtiroler Landtag und seine Aufgaben einfach und verst\u00e4ndlich!","breadcrumb":{"@id":"https:\/\/www.nova-bz.org\/de\/leichte-sprache\/#breadcrumb"},"inLanguage":"de","potentialAction":[{"@type":"ReadAction","target":["https:\/\/www.nova-bz.org\/de\/leichte-sprache\/"]}]},{"@type":"ImageObject","inLanguage":"de","@id":"https:\/\/www.nova-bz.org\/de\/leichte-sprache\/#primaryimage","url":"https:\/\/www.nova-bz.org\/wp-content\/uploads\/2020\/09\/consiglio-funzioni-xl.png","contentUrl":"https:\/\/www.nova-bz.org\/wp-content\/uploads\/2020\/09\/consiglio-funzioni-xl.png","width":1920,"height":1052,"caption":"Le funzioni dei consiglieri e delle consigliere"},{"@type":"BreadcrumbList","@id":"https:\/\/www.nova-bz.org\/de\/leichte-sprache\/#breadcrumb","itemListElement":[{"@type":"ListItem","position":1,"name":"Home","item":"https:\/\/www.nova-bz.org\/de\/"},{"@type":"ListItem","position":2,"name":"Landtag einfach erkl\u00e4rt"}]},{"@type":"WebSite","@id":"https:\/\/www.nova-bz.org\/#website","url":"https:\/\/www.nova-bz.org\/","name":"Nova","description":"Wir m\u00f6chten Dich f\u00fcr Politik begeistern","potentialAction":[{"@type":"SearchAction","target":{"@type":"EntryPoint","urlTemplate":"https:\/\/www.nova-bz.org\/?s={search_term_string}"},"query-input":{"@type":"PropertyValueSpecification","valueRequired":true,"valueName":"search_term_string"}}],"inLanguage":"de"},false]}},"yasr_visitor_votes":{"stars_attributes":{"read_only":false,"span_bottom":false},"number_of_votes":0,"sum_votes":0},"jetpack_sharing_enabled":true,"_links":{"self":[{"href":"https:\/\/www.nova-bz.org\/de\/wp-json\/wp\/v2\/pages\/1672","targetHints":{"allow":["GET"]}}],"collection":[{"href":"https:\/\/www.nova-bz.org\/de\/wp-json\/wp\/v2\/pages"}],"about":[{"href":"https:\/\/www.nova-bz.org\/de\/wp-json\/wp\/v2\/types\/page"}],"author":[{"embeddable":true,"href":"https:\/\/www.nova-bz.org\/de\/wp-json\/wp\/v2\/users\/36"}],"replies":[{"embeddable":true,"href":"https:\/\/www.nova-bz.org\/de\/wp-json\/wp\/v2\/comments?post=1672"}],"version-history":[{"count":4,"href":"https:\/\/www.nova-bz.org\/de\/wp-json\/wp\/v2\/pages\/1672\/revisions"}],"predecessor-version":[{"id":6632,"href":"https:\/\/www.nova-bz.org\/de\/wp-json\/wp\/v2\/pages\/1672\/revisions\/6632"}],"wp:featuredmedia":[{"embeddable":true,"href":"https:\/\/www.nova-bz.org\/de\/wp-json\/wp\/v2\/media\/1580"}],"wp:attachment":[{"href":"https:\/\/www.nova-bz.org\/de\/wp-json\/wp\/v2\/media?parent=1672"}],"wp:term":[{"taxonomy":"post_tag","embeddable":true,"href":"https:\/\/www.nova-bz.org\/de\/wp-json\/wp\/v2\/tags?post=1672"}],"curies":[{"name":"wp","href":"https:\/\/api.w.org\/{rel}","templated":true}]}}