{"id":1213,"date":"2020-08-05T18:14:19","date_gmt":"2020-08-05T16:14:19","guid":{"rendered":"http:\/\/blitz.grop.xyz\/?page_id=1213"},"modified":"2024-10-31T12:03:56","modified_gmt":"2024-10-31T11:03:56","slug":"ueber-nova","status":"publish","type":"page","link":"https:\/\/www.nova-bz.org\/de\/ueber-nova\/","title":{"rendered":"\u00dcber NOVA"},"content":{"rendered":"\n<p>Auf dieser Webseite findest du <a href=\"https:\/\/www.nova-bz.org\/de\/aktuelles\/\" target=\"_blank\" rel=\"noreferrer noopener\">Artikel zu aktuellen politischen Themen<\/a>, Erkl\u00e4rungen zu den <a href=\"https:\/\/www.nova-bz.org\/de\/der-landtag\/\">Aufgaben und T\u00e4tigkeiten des Landtags<\/a>, Erl\u00e4uterungen zur <a href=\"https:\/\/www.nova-bz.org\/de\/geschichte\/\" target=\"_blank\" rel=\"noreferrer noopener\">Geschichte S\u00fcdtirols<\/a> und vieles mehr. Und das alles in einer leicht verst\u00e4ndlichen Sprache.<\/p>\n\n\n\n<h3 class=\"wp-block-heading\">Unsere Ziele<\/h3>\n\n\n\n<ul class=\"wp-block-list\">\n<li>Die im Landtag er\u00f6rterten Themen einfach erkl\u00e4ren, damit sie alle verstehen und sich eine Meinung dazu bilden k\u00f6nnen.<\/li>\n\n\n\n<li>Die verschiedenen Positionen im Landtag zu aktuellen Themen faktenbasiert darstellen.<\/li>\n\n\n\n<li>Jugendliche zu politischer Beteiligung und kritischem Denken ermutigen.<\/li>\n<\/ul>\n","protected":false},"excerpt":{"rendered":"<p>NOVA ist das Jugendportal des S\u00fcdtiroler Landtags, auf dem du das Sagen hast!<\/p>\n","protected":false},"author":36,"featured_media":2435,"parent":0,"menu_order":1,"comment_status":"open","ping_status":"closed","template":"","meta":{"_acf_changed":false,"yasr_overall_rating":0,"yasr_post_is_review":"","yasr_auto_insert_disabled":"","yasr_review_type":"","footnotes":""},"tags":[],"class_list":["post-1213","page","type-page","status-publish","has-post-thumbnail","hentry"],"acf":[],"yoast_head":"<!-- This site is optimized with the Yoast SEO plugin v25.3.1 - https:\/\/yoast.com\/wordpress\/plugins\/seo\/ -->\n<title>\u00dcber NOVA - Nova<\/title>\n<meta name=\"description\" content=\"NOVA ist das Informationsportal f\u00fcr S\u00fcdtiroler Politik, auf dem du das Sagen hast! NOVA erkl\u00e4rt, berichtet und fragt dich um deine Meinung!\" \/>\n<meta name=\"robots\" content=\"index, follow, max-snippet:-1, max-image-preview:large, max-video-preview:-1\" \/>\n<link rel=\"canonical\" href=\"https:\/\/www.nova-bz.org\/de\/ueber-nova\/\" \/>\n<meta property=\"og:locale\" content=\"de_DE\" \/>\n<meta property=\"og:type\" content=\"article\" \/>\n<meta property=\"og:title\" content=\"Willkommen auf NOVA!\" \/>\n<meta property=\"og:description\" content=\"NOVA ist das Informationsportal f\u00fcr S\u00fcdtiroler Politik, auf dem du das Sagen hast! NOVA erkl\u00e4rt, berichtet und fragt dich um deine Meinung!\" \/>\n<meta property=\"og:url\" content=\"https:\/\/www.nova-bz.org\/de\/ueber-nova\/\" \/>\n<meta property=\"og:site_name\" content=\"Nova\" \/>\n<meta property=\"article:publisher\" content=\"https:\/\/www.facebook.com\/novabz.org\" \/>\n<meta property=\"article:modified_time\" content=\"2024-10-31T11:03:56+00:00\" \/>\n<meta property=\"og:image\" content=\"https:\/\/www.nova-bz.org\/wp-content\/uploads\/2020\/11\/default_image.png\" \/>\n\t<meta property=\"og:image:width\" content=\"1920\" \/>\n\t<meta property=\"og:image:height\" content=\"1052\" \/>\n\t<meta property=\"og:image:type\" content=\"image\/png\" \/>\n<meta name=\"twitter:card\" content=\"summary_large_image\" \/>\n<meta name=\"twitter:title\" content=\"Willkommen auf NOVA!\" \/>\n<meta name=\"twitter:description\" content=\"NOVA ist das Informationsportal f\u00fcr S\u00fcdtiroler Politik, auf dem du das Sagen hast! NOVA erkl\u00e4rt, berichtet und fragt dich um deine Meinung!\" \/>\n<meta name=\"twitter:image\" content=\"https:\/\/www.nova-bz.org\/wp-content\/uploads\/2020\/11\/default_image.png\" \/>\n<meta name=\"twitter:site\" content=\"@nova_bz_org\" \/>\n<meta name=\"twitter:label1\" content=\"Gesch\u00e4tzte Lesezeit\" \/>\n\t<meta name=\"twitter:data1\" content=\"1\u00a0Minute\" \/>\n<script type=\"application\/ld+json\" class=\"yoast-schema-graph\">{\"@context\":\"https:\/\/schema.org\",\"@graph\":[{\"@type\":\"WebPage\",\"@id\":\"https:\/\/www.nova-bz.org\/de\/ueber-nova\/\",\"url\":\"https:\/\/www.nova-bz.org\/de\/ueber-nova\/\",\"name\":\"\u00dcber NOVA - Nova\",\"isPartOf\":{\"@id\":\"https:\/\/www.nova-bz.org\/#website\"},\"primaryImageOfPage\":{\"@id\":\"https:\/\/www.nova-bz.org\/de\/ueber-nova\/#primaryimage\"},\"image\":{\"@id\":\"https:\/\/www.nova-bz.org\/de\/ueber-nova\/#primaryimage\"},\"thumbnailUrl\":\"https:\/\/www.nova-bz.org\/wp-content\/uploads\/2020\/12\/about.jpg\",\"datePublished\":\"2020-08-05T16:14:19+00:00\",\"dateModified\":\"2024-10-31T11:03:56+00:00\",\"description\":\"NOVA ist das Informationsportal f\u00fcr S\u00fcdtiroler Politik, auf dem du das Sagen hast! NOVA erkl\u00e4rt, berichtet und fragt dich um deine Meinung!\",\"breadcrumb\":{\"@id\":\"https:\/\/www.nova-bz.org\/de\/ueber-nova\/#breadcrumb\"},\"inLanguage\":\"de\",\"potentialAction\":[{\"@type\":\"ReadAction\",\"target\":[\"https:\/\/www.nova-bz.org\/de\/ueber-nova\/\"]}]},{\"@type\":\"ImageObject\",\"inLanguage\":\"de\",\"@id\":\"https:\/\/www.nova-bz.org\/de\/ueber-nova\/#primaryimage\",\"url\":\"https:\/\/www.nova-bz.org\/wp-content\/uploads\/2020\/12\/about.jpg\",\"contentUrl\":\"https:\/\/www.nova-bz.org\/wp-content\/uploads\/2020\/12\/about.jpg\",\"width\":2400,\"height\":1800,\"caption\":\"\u00dcber NOVA\"},{\"@type\":\"BreadcrumbList\",\"@id\":\"https:\/\/www.nova-bz.org\/de\/ueber-nova\/#breadcrumb\",\"itemListElement\":[{\"@type\":\"ListItem\",\"position\":1,\"name\":\"Home\",\"item\":\"https:\/\/www.nova-bz.org\/de\/\"},{\"@type\":\"ListItem\",\"position\":2,\"name\":\"\u00dcber NOVA\"}]},{\"@type\":\"WebSite\",\"@id\":\"https:\/\/www.nova-bz.org\/#website\",\"url\":\"https:\/\/www.nova-bz.org\/\",\"name\":\"Nova\",\"description\":\"Wir m\u00f6chten Dich f\u00fcr Politik begeistern\",\"potentialAction\":[{\"@type\":\"SearchAction\",\"target\":{\"@type\":\"EntryPoint\",\"urlTemplate\":\"https:\/\/www.nova-bz.org\/?s={search_term_string}\"},\"query-input\":{\"@type\":\"PropertyValueSpecification\",\"valueRequired\":true,\"valueName\":\"search_term_string\"}}],\"inLanguage\":\"de\"},false]}<\/script>\n<!-- \/ Yoast SEO plugin. -->","yoast_head_json":{"title":"\u00dcber NOVA - Nova","description":"NOVA ist das Informationsportal f\u00fcr S\u00fcdtiroler Politik, auf dem du das Sagen hast! NOVA erkl\u00e4rt, berichtet und fragt dich um deine Meinung!","robots":{"index":"index","follow":"follow","max-snippet":"max-snippet:-1","max-image-preview":"max-image-preview:large","max-video-preview":"max-video-preview:-1"},"canonical":"https:\/\/www.nova-bz.org\/de\/ueber-nova\/","og_locale":"de_DE","og_type":"article","og_title":"Willkommen auf NOVA!","og_description":"NOVA ist das Informationsportal f\u00fcr S\u00fcdtiroler Politik, auf dem du das Sagen hast! NOVA erkl\u00e4rt, berichtet und fragt dich um deine Meinung!","og_url":"https:\/\/www.nova-bz.org\/de\/ueber-nova\/","og_site_name":"Nova","article_publisher":"https:\/\/www.facebook.com\/novabz.org","article_modified_time":"2024-10-31T11:03:56+00:00","og_image":[{"width":1920,"height":1052,"url":"https:\/\/www.nova-bz.org\/wp-content\/uploads\/2020\/11\/default_image.png","type":"image\/png"}],"twitter_card":"summary_large_image","twitter_title":"Willkommen auf NOVA!","twitter_description":"NOVA ist das Informationsportal f\u00fcr S\u00fcdtiroler Politik, auf dem du das Sagen hast! NOVA erkl\u00e4rt, berichtet und fragt dich um deine Meinung!","twitter_image":"https:\/\/www.nova-bz.org\/wp-content\/uploads\/2020\/11\/default_image.png","twitter_site":"@nova_bz_org","twitter_misc":{"Gesch\u00e4tzte Lesezeit":"1\u00a0Minute"},"schema":{"@context":"https:\/\/schema.org","@graph":[{"@type":"WebPage","@id":"https:\/\/www.nova-bz.org\/de\/ueber-nova\/","url":"https:\/\/www.nova-bz.org\/de\/ueber-nova\/","name":"\u00dcber NOVA - Nova","isPartOf":{"@id":"https:\/\/www.nova-bz.org\/#website"},"primaryImageOfPage":{"@id":"https:\/\/www.nova-bz.org\/de\/ueber-nova\/#primaryimage"},"image":{"@id":"https:\/\/www.nova-bz.org\/de\/ueber-nova\/#primaryimage"},"thumbnailUrl":"https:\/\/www.nova-bz.org\/wp-content\/uploads\/2020\/12\/about.jpg","datePublished":"2020-08-05T16:14:19+00:00","dateModified":"2024-10-31T11:03:56+00:00","description":"NOVA ist das Informationsportal f\u00fcr S\u00fcdtiroler Politik, auf dem du das Sagen hast! NOVA erkl\u00e4rt, berichtet und fragt dich um deine Meinung!","breadcrumb":{"@id":"https:\/\/www.nova-bz.org\/de\/ueber-nova\/#breadcrumb"},"inLanguage":"de","potentialAction":[{"@type":"ReadAction","target":["https:\/\/www.nova-bz.org\/de\/ueber-nova\/"]}]},{"@type":"ImageObject","inLanguage":"de","@id":"https:\/\/www.nova-bz.org\/de\/ueber-nova\/#primaryimage","url":"https:\/\/www.nova-bz.org\/wp-content\/uploads\/2020\/12\/about.jpg","contentUrl":"https:\/\/www.nova-bz.org\/wp-content\/uploads\/2020\/12\/about.jpg","width":2400,"height":1800,"caption":"\u00dcber NOVA"},{"@type":"BreadcrumbList","@id":"https:\/\/www.nova-bz.org\/de\/ueber-nova\/#breadcrumb","itemListElement":[{"@type":"ListItem","position":1,"name":"Home","item":"https:\/\/www.nova-bz.org\/de\/"},{"@type":"ListItem","position":2,"name":"\u00dcber NOVA"}]},{"@type":"WebSite","@id":"https:\/\/www.nova-bz.org\/#website","url":"https:\/\/www.nova-bz.org\/","name":"Nova","description":"Wir m\u00f6chten Dich f\u00fcr Politik begeistern","potentialAction":[{"@type":"SearchAction","target":{"@type":"EntryPoint","urlTemplate":"https:\/\/www.nova-bz.org\/?s={search_term_string}"},"query-input":{"@type":"PropertyValueSpecification","valueRequired":true,"valueName":"search_term_string"}}],"inLanguage":"de"},false]}},"yasr_visitor_votes":{"stars_attributes":{"read_only":false,"span_bottom":false},"number_of_votes":7,"sum_votes":12},"jetpack_sharing_enabled":true,"_links":{"self":[{"href":"https:\/\/www.nova-bz.org\/de\/wp-json\/wp\/v2\/pages\/1213","targetHints":{"allow":["GET"]}}],"collection":[{"href":"https:\/\/www.nova-bz.org\/de\/wp-json\/wp\/v2\/pages"}],"about":[{"href":"https:\/\/www.nova-bz.org\/de\/wp-json\/wp\/v2\/types\/page"}],"author":[{"embeddable":true,"href":"https:\/\/www.nova-bz.org\/de\/wp-json\/wp\/v2\/users\/36"}],"replies":[{"embeddable":true,"href":"https:\/\/www.nova-bz.org\/de\/wp-json\/wp\/v2\/comments?post=1213"}],"version-history":[{"count":18,"href":"https:\/\/www.nova-bz.org\/de\/wp-json\/wp\/v2\/pages\/1213\/revisions"}],"predecessor-version":[{"id":6536,"href":"https:\/\/www.nova-bz.org\/de\/wp-json\/wp\/v2\/pages\/1213\/revisions\/6536"}],"wp:featuredmedia":[{"embeddable":true,"href":"https:\/\/www.nova-bz.org\/de\/wp-json\/wp\/v2\/media\/2435"}],"wp:attachment":[{"href":"https:\/\/www.nova-bz.org\/de\/wp-json\/wp\/v2\/media?parent=1213"}],"wp:term":[{"taxonomy":"post_tag","embeddable":true,"href":"https:\/\/www.nova-bz.org\/de\/wp-json\/wp\/v2\/tags?post=1213"}],"curies":[{"name":"wp","href":"https:\/\/api.w.org\/{rel}","templated":true}]}}