{"id":1170,"date":"2020-08-05T16:59:50","date_gmt":"2020-08-05T14:59:50","guid":{"rendered":"http:\/\/blitz.grop.xyz\/?page_id=1170"},"modified":"2021-06-21T11:46:53","modified_gmt":"2021-06-21T09:46:53","slug":"wie-entsteht-ein-landesgesetz","status":"publish","type":"page","link":"https:\/\/www.nova-bz.org\/de\/der-landtag\/wie-entsteht-ein-landesgesetz\/","title":{"rendered":"Wie entsteht ein Landesgesetz?"},"content":{"rendered":"\n<h2 class=\"wp-block-heading\"><strong>Was ist ein Gesetz?<\/strong><\/h2>\n\n\n\n<p>Gesetze sind vom Staat oder, wie im Falle S\u00fcdtirols, vom Landtag erlassene, rechtlich bindende Vorschriften, die das Verhalten der Menschen in der Gesellschaft bestimmen. Wie wichtig Regeln f\u00fcr das Zusammenleben in einer Gemeinschaft sind, erfahren wir tagt\u00e4glich beispielsweise im Stra\u00dfenverkehr. Aber auch Haus- und Schulordnungen regeln das Miteinander der Menschen, so wie es eben auch Gesetze im Land oder Staat tun. Verst\u00f6\u00dfe gegen Gesetze ziehen entsprechend auch Konsequenzen nach sich. Gesetze sind jedoch keineswegs nur dazu da, um zu verbieten, Menschen einzuengen oder zu bestrafen. Vielmehr dienen sie dazu, das Zusammenleben der Menschen zu verbessern und gerecht zu gestalten. Das Ausarbeiten und Erlassen von Gesetzen ist daher eine verantwortungsvolle Aufgabe, die in S\u00fcdtirol in vielen Bereichen der Landtag erf\u00fcllt. Deshalb bezeichnet man den Landtag als \u201edas gesetzgebende Organ\u201c des Landes.<\/p>\n\n\n\n<h2 class=\"wp-block-heading\"><strong>Werdegang eines Landesgesetzes<\/strong><\/h2>\n\n\n\n<p>Die Gesetzgebungsfunktion ist sicherlich die bedeutendste Aufgabe des Landtages. Mit der Weiterentwicklung der Autonomie hat sich die Gesetzgebungsbefugnis zunehmend erweitert. Das hei\u00dft, dass die Zust\u00e4ndigkeitsbereiche, in denen der Landtag Gesetze erlassen kann, immer mehr wurden. Der Landtag muss beim Erlassen von Gesetzen die Verfassung des italienischen Staates, teilweise die Staatsgesetze, das Gemeinschaftsrecht und die internationalen Vertr\u00e4ge einhalten. Bis zum 31.12.2020 hat der S\u00fcdtiroler Landtag seit 1948 insgesamt 1.604 Gesetze erlassen. Alle diese Landesgesetze werden im Amtsblatt der Region Trentino-S\u00fcdtirol und im <a href=\"http:\/\/lexbrowser.provinz.bz.it\/de\" target=\"_blank\" rel=\"noreferrer noopener\">S\u00fcdtiroler B\u00fcrgernetz<\/a> ver\u00f6ffentlicht.<\/p>\n\n\n\n<p>Der vorgeschriebene Werdegang vom Entwurf bis zum verabschiedeten Gesetz ist ein komplexer Vorgang, der aber hinsichtlich der Bedeutung und Tragweite von Gesetzen zweifellos in dieser Form notwendig ist. Dieser Vorgang sieht vier Schritte vor:<\/p>\n\n\n\n<ol class=\"wp-block-list\" type=\"1\"><li><strong>Gesetzesinitiative<\/strong>: Unter Gesetzesinitiative versteht man das Recht, ein Gesetz vorzuschlagen. Dieses Recht steht den Landtagsabgeordneten, der Landesregierung und dem Volk zu, zu Gemeindeangelegenheiten auch dem Rat der Gemeinden. Damit das Volk einen Gesetzentwurf einbringen kann, m\u00fcssen mindestens 8.000 Unterschriften von wahlberechtigten B\u00fcrgerinnen und B\u00fcrgern gesammelt werden. Dies nennt man ein \u201eVolksbegehren\u201c. Der Landtag hat die Aufgabe, Gesetzentw\u00fcrfe zu pr\u00fcfen. Die Gesetzentw\u00fcrfe, die in Artikel unterteilt sein m\u00fcssen, werden mit einem erl\u00e4uternden Bericht beim Landtagspr\u00e4sidenten bzw. der Landtagspr\u00e4sidentin eingereicht. Sie werden dann an den zust\u00e4ndigen Gesetzgebungsausschuss zur \u00dcberpr\u00fcfung weitergereicht.<\/li><li><strong>Pr\u00fcfung des Gesetzentwurfs<\/strong>: Der Gesetzgebungsausschuss muss den Entwurf innerhalb einer bestimmten Frist pr\u00fcfen. Er kann am Text des Entwurfs auch zweckdienliche Ab\u00e4nderungen vornehmen. Die Arbeitssitzungen der Gesetzgebungsaussch\u00fcsse sind nicht \u00f6ffentlich. Nach erfolgter Behandlung, wird ein Begleitbericht verfasst, in dem die Debatte und eventuelle \u00c4nderungen am Entwurf festgehalten werden. Jene Mitglieder des Gesetzgebungsausschusses, die dem Entwurf nicht zugestimmt haben, k\u00f6nnen einen so genannten Minderheitenbericht mit den Begr\u00fcndungen ihrer Ablehnung vorlegen. Der Gesetzentwurf wird dann zusammen mit den Berichten an den Landtagspr\u00e4sidenten bzw. die Landtagspr\u00e4sidentin zur\u00fcckgeschickt und den Abgeordneten \u00fcbermittelt. Diese Berichte sind Arbeitsgrundlage f\u00fcr die Abgeordneten, die anschlie\u00dfend den Gesetzentwurf im Landtag behandeln.<\/li><li><strong>Diskussion und Beschlussfassung<\/strong>: Die Behandlung des Gesetzentwurfs in der \u00f6ffentlichen Sitzung des Landtags beginnt mit der eventuellen Verlesung des Begleitberichts, den der Gesetzgebungsausschuss verfasst hat, sowie der allf\u00e4lligen Minderheitenberichte. Danach findet eine Generaldebatte statt. Das hei\u00dft, dass alle Abgeordneten, bzw. alle Mitglieder der Landesregierung ihre Meinung zum Gesetzentwurf vorbringen k\u00f6nnen und \u00fcber Grunds\u00e4tzliches zum gesamten Entwurf diskutiert wird. Anschlie\u00dfend folgt die Abstimmung zum \u00dcbergang zur Artikeldebatte: Falls angenommen, wird jeder einzelne Artikel diskutiert. Auch dabei k\u00f6nnen noch \u00c4nderungen am Wortlaut vorgenommen werden. Dazu haben die Abgeordneten bzw. die Mitglieder der Landesregierung die M\u00f6glichkeit, Ab\u00e4nderungsantr\u00e4ge vorzulegen. Nach der Abstimmung \u00fcber jeden einzelnen Artikel, findet eine Schlussabstimmung \u00fcber den gesamten Gesetzentwurf statt. Wenn auch der gesamte Gesetzentwurf in der Schlussabstimmung verabschiedet wird (das hei\u00dft: wenn die Mehrheit daf\u00fcr stimmt), wird er anschlie\u00dfend an den Landeshauptmann bzw. die Landeshauptfrau zur Beurkundung weitergeleitet.<\/li><li><strong>Beurkundung, Ver\u00f6ffentlichung und Inkrafttreten<\/strong>: Das vom Landtag verabschiedete Gesetz wird vom Landeshauptmann bzw. von der Landeshauptfrau beurkundet. Danach wird das neue Gesetz im Amtsblatt der Region Trentino-S\u00fcdtirol ver\u00f6ffentlicht. Im Normalfall, also wenn keine gesetzlichen Vorgaben oder Bestimmungen etwas anderes vorsehen, dann tritt das Gesetz am f\u00fcnfzehnten Tag nach der Ver\u00f6ffentlichung im Amtsblatt der Region in Kraft.<\/li><\/ol>\n\n\n\n<p><\/p>\n","protected":false},"excerpt":{"rendered":"<p>Was ist ein Gesetz? Gesetze sind vom Staat oder, wie im Falle S\u00fcdtirols, vom Landtag&#8230;<\/p>\n","protected":false},"author":36,"featured_media":1574,"parent":680,"menu_order":6,"comment_status":"open","ping_status":"closed","template":"","meta":{"_acf_changed":false,"yasr_overall_rating":0,"yasr_post_is_review":"","yasr_auto_insert_disabled":"","yasr_review_type":"","footnotes":""},"tags":[181,95],"class_list":["post-1170","page","type-page","status-publish","has-post-thumbnail","hentry","tag-gesetz","tag-landtag"],"acf":[],"yoast_head":"<!-- This site is optimized with the Yoast SEO plugin v25.3.1 - https:\/\/yoast.com\/wordpress\/plugins\/seo\/ -->\n<title>Wie entsteht ein Landesgesetz? - Nova<\/title>\n<meta name=\"description\" content=\"Die wichtigste Aufgabe des S\u00fcdtiroler Landtags ist die Gesetzgebung. Doch wie entsteht ein Gesetz eigentlich? NOVA erkl\u00e4rt es dir!\" \/>\n<meta name=\"robots\" content=\"index, follow, max-snippet:-1, max-image-preview:large, max-video-preview:-1\" \/>\n<link rel=\"canonical\" href=\"https:\/\/www.nova-bz.org\/de\/der-landtag\/wie-entsteht-ein-landesgesetz\/\" \/>\n<meta property=\"og:locale\" content=\"de_DE\" \/>\n<meta property=\"og:type\" content=\"article\" \/>\n<meta property=\"og:title\" content=\"NOVA erkl\u00e4rt dir, wie ein Gesetz entsteht\" \/>\n<meta property=\"og:description\" content=\"Die wichtigste Aufgabe des S\u00fcdtiroler Landtags ist die Gesetzgebung. Doch wie entsteht ein Gesetz eigentlich? NOVA erkl\u00e4rt es dir!\" \/>\n<meta property=\"og:url\" content=\"https:\/\/www.nova-bz.org\/de\/der-landtag\/wie-entsteht-ein-landesgesetz\/\" \/>\n<meta property=\"og:site_name\" content=\"Nova\" \/>\n<meta property=\"article:publisher\" content=\"https:\/\/www.facebook.com\/novabz.org\" \/>\n<meta property=\"article:modified_time\" content=\"2021-06-21T09:46:53+00:00\" \/>\n<meta property=\"og:image\" content=\"https:\/\/www.nova-bz.org\/wp-content\/uploads\/2020\/09\/consiglio-formazione-legge-xl-1.png\" \/>\n\t<meta property=\"og:image:width\" content=\"1920\" \/>\n\t<meta property=\"og:image:height\" content=\"1052\" \/>\n\t<meta property=\"og:image:type\" content=\"image\/png\" \/>\n<meta name=\"twitter:card\" content=\"summary_large_image\" \/>\n<meta name=\"twitter:title\" content=\"NOVA erkl\u00e4rt dir, wie ein Gesetz entsteht\" \/>\n<meta name=\"twitter:description\" content=\"Die wichtigste Aufgabe des S\u00fcdtiroler Landtags ist die Gesetzgebung. Doch wie entsteht ein Gesetz eigentlich? NOVA erkl\u00e4rt es dir!\" \/>\n<meta name=\"twitter:image\" content=\"https:\/\/www.nova-bz.org\/wp-content\/uploads\/2020\/09\/consiglio-formazione-legge-xl-1.png\" \/>\n<meta name=\"twitter:site\" content=\"@nova_bz_org\" \/>\n<meta name=\"twitter:label1\" content=\"Gesch\u00e4tzte Lesezeit\" \/>\n\t<meta name=\"twitter:data1\" content=\"3\u00a0Minuten\" \/>\n<script type=\"application\/ld+json\" class=\"yoast-schema-graph\">{\"@context\":\"https:\/\/schema.org\",\"@graph\":[{\"@type\":\"WebPage\",\"@id\":\"https:\/\/www.nova-bz.org\/de\/der-landtag\/wie-entsteht-ein-landesgesetz\/\",\"url\":\"https:\/\/www.nova-bz.org\/de\/der-landtag\/wie-entsteht-ein-landesgesetz\/\",\"name\":\"Wie entsteht ein Landesgesetz? - Nova\",\"isPartOf\":{\"@id\":\"https:\/\/www.nova-bz.org\/#website\"},\"primaryImageOfPage\":{\"@id\":\"https:\/\/www.nova-bz.org\/de\/der-landtag\/wie-entsteht-ein-landesgesetz\/#primaryimage\"},\"image\":{\"@id\":\"https:\/\/www.nova-bz.org\/de\/der-landtag\/wie-entsteht-ein-landesgesetz\/#primaryimage\"},\"thumbnailUrl\":\"https:\/\/www.nova-bz.org\/wp-content\/uploads\/2020\/09\/consiglio-formazione-legge-xl-1.png\",\"datePublished\":\"2020-08-05T14:59:50+00:00\",\"dateModified\":\"2021-06-21T09:46:53+00:00\",\"description\":\"Die wichtigste Aufgabe des S\u00fcdtiroler Landtags ist die Gesetzgebung. Doch wie entsteht ein Gesetz eigentlich? NOVA erkl\u00e4rt es dir!\",\"breadcrumb\":{\"@id\":\"https:\/\/www.nova-bz.org\/de\/der-landtag\/wie-entsteht-ein-landesgesetz\/#breadcrumb\"},\"inLanguage\":\"de\",\"potentialAction\":[{\"@type\":\"ReadAction\",\"target\":[\"https:\/\/www.nova-bz.org\/de\/der-landtag\/wie-entsteht-ein-landesgesetz\/\"]}]},{\"@type\":\"ImageObject\",\"inLanguage\":\"de\",\"@id\":\"https:\/\/www.nova-bz.org\/de\/der-landtag\/wie-entsteht-ein-landesgesetz\/#primaryimage\",\"url\":\"https:\/\/www.nova-bz.org\/wp-content\/uploads\/2020\/09\/consiglio-formazione-legge-xl-1.png\",\"contentUrl\":\"https:\/\/www.nova-bz.org\/wp-content\/uploads\/2020\/09\/consiglio-formazione-legge-xl-1.png\",\"width\":1920,\"height\":1052,\"caption\":\"Formazione di una legge\"},{\"@type\":\"BreadcrumbList\",\"@id\":\"https:\/\/www.nova-bz.org\/de\/der-landtag\/wie-entsteht-ein-landesgesetz\/#breadcrumb\",\"itemListElement\":[{\"@type\":\"ListItem\",\"position\":1,\"name\":\"Home\",\"item\":\"https:\/\/www.nova-bz.org\/de\/\"},{\"@type\":\"ListItem\",\"position\":2,\"name\":\"Der Landtag\",\"item\":\"https:\/\/www.nova-bz.org\/de\/der-landtag\/\"},{\"@type\":\"ListItem\",\"position\":3,\"name\":\"Wie entsteht ein Landesgesetz?\"}]},{\"@type\":\"WebSite\",\"@id\":\"https:\/\/www.nova-bz.org\/#website\",\"url\":\"https:\/\/www.nova-bz.org\/\",\"name\":\"Nova\",\"description\":\"Wir m\u00f6chten Dich f\u00fcr Politik begeistern\",\"potentialAction\":[{\"@type\":\"SearchAction\",\"target\":{\"@type\":\"EntryPoint\",\"urlTemplate\":\"https:\/\/www.nova-bz.org\/?s={search_term_string}\"},\"query-input\":{\"@type\":\"PropertyValueSpecification\",\"valueRequired\":true,\"valueName\":\"search_term_string\"}}],\"inLanguage\":\"de\"},false]}<\/script>\n<!-- \/ Yoast SEO plugin. -->","yoast_head_json":{"title":"Wie entsteht ein Landesgesetz? - Nova","description":"Die wichtigste Aufgabe des S\u00fcdtiroler Landtags ist die Gesetzgebung. Doch wie entsteht ein Gesetz eigentlich? NOVA erkl\u00e4rt es dir!","robots":{"index":"index","follow":"follow","max-snippet":"max-snippet:-1","max-image-preview":"max-image-preview:large","max-video-preview":"max-video-preview:-1"},"canonical":"https:\/\/www.nova-bz.org\/de\/der-landtag\/wie-entsteht-ein-landesgesetz\/","og_locale":"de_DE","og_type":"article","og_title":"NOVA erkl\u00e4rt dir, wie ein Gesetz entsteht","og_description":"Die wichtigste Aufgabe des S\u00fcdtiroler Landtags ist die Gesetzgebung. Doch wie entsteht ein Gesetz eigentlich? NOVA erkl\u00e4rt es dir!","og_url":"https:\/\/www.nova-bz.org\/de\/der-landtag\/wie-entsteht-ein-landesgesetz\/","og_site_name":"Nova","article_publisher":"https:\/\/www.facebook.com\/novabz.org","article_modified_time":"2021-06-21T09:46:53+00:00","og_image":[{"width":1920,"height":1052,"url":"https:\/\/www.nova-bz.org\/wp-content\/uploads\/2020\/09\/consiglio-formazione-legge-xl-1.png","type":"image\/png"}],"twitter_card":"summary_large_image","twitter_title":"NOVA erkl\u00e4rt dir, wie ein Gesetz entsteht","twitter_description":"Die wichtigste Aufgabe des S\u00fcdtiroler Landtags ist die Gesetzgebung. Doch wie entsteht ein Gesetz eigentlich? NOVA erkl\u00e4rt es dir!","twitter_image":"https:\/\/www.nova-bz.org\/wp-content\/uploads\/2020\/09\/consiglio-formazione-legge-xl-1.png","twitter_site":"@nova_bz_org","twitter_misc":{"Gesch\u00e4tzte Lesezeit":"3\u00a0Minuten"},"schema":{"@context":"https:\/\/schema.org","@graph":[{"@type":"WebPage","@id":"https:\/\/www.nova-bz.org\/de\/der-landtag\/wie-entsteht-ein-landesgesetz\/","url":"https:\/\/www.nova-bz.org\/de\/der-landtag\/wie-entsteht-ein-landesgesetz\/","name":"Wie entsteht ein Landesgesetz? - Nova","isPartOf":{"@id":"https:\/\/www.nova-bz.org\/#website"},"primaryImageOfPage":{"@id":"https:\/\/www.nova-bz.org\/de\/der-landtag\/wie-entsteht-ein-landesgesetz\/#primaryimage"},"image":{"@id":"https:\/\/www.nova-bz.org\/de\/der-landtag\/wie-entsteht-ein-landesgesetz\/#primaryimage"},"thumbnailUrl":"https:\/\/www.nova-bz.org\/wp-content\/uploads\/2020\/09\/consiglio-formazione-legge-xl-1.png","datePublished":"2020-08-05T14:59:50+00:00","dateModified":"2021-06-21T09:46:53+00:00","description":"Die wichtigste Aufgabe des S\u00fcdtiroler Landtags ist die Gesetzgebung. Doch wie entsteht ein Gesetz eigentlich? NOVA erkl\u00e4rt es dir!","breadcrumb":{"@id":"https:\/\/www.nova-bz.org\/de\/der-landtag\/wie-entsteht-ein-landesgesetz\/#breadcrumb"},"inLanguage":"de","potentialAction":[{"@type":"ReadAction","target":["https:\/\/www.nova-bz.org\/de\/der-landtag\/wie-entsteht-ein-landesgesetz\/"]}]},{"@type":"ImageObject","inLanguage":"de","@id":"https:\/\/www.nova-bz.org\/de\/der-landtag\/wie-entsteht-ein-landesgesetz\/#primaryimage","url":"https:\/\/www.nova-bz.org\/wp-content\/uploads\/2020\/09\/consiglio-formazione-legge-xl-1.png","contentUrl":"https:\/\/www.nova-bz.org\/wp-content\/uploads\/2020\/09\/consiglio-formazione-legge-xl-1.png","width":1920,"height":1052,"caption":"Formazione di una legge"},{"@type":"BreadcrumbList","@id":"https:\/\/www.nova-bz.org\/de\/der-landtag\/wie-entsteht-ein-landesgesetz\/#breadcrumb","itemListElement":[{"@type":"ListItem","position":1,"name":"Home","item":"https:\/\/www.nova-bz.org\/de\/"},{"@type":"ListItem","position":2,"name":"Der Landtag","item":"https:\/\/www.nova-bz.org\/de\/der-landtag\/"},{"@type":"ListItem","position":3,"name":"Wie entsteht ein Landesgesetz?"}]},{"@type":"WebSite","@id":"https:\/\/www.nova-bz.org\/#website","url":"https:\/\/www.nova-bz.org\/","name":"Nova","description":"Wir m\u00f6chten Dich f\u00fcr Politik begeistern","potentialAction":[{"@type":"SearchAction","target":{"@type":"EntryPoint","urlTemplate":"https:\/\/www.nova-bz.org\/?s={search_term_string}"},"query-input":{"@type":"PropertyValueSpecification","valueRequired":true,"valueName":"search_term_string"}}],"inLanguage":"de"},false]}},"yasr_visitor_votes":{"stars_attributes":{"read_only":false,"span_bottom":false},"number_of_votes":22,"sum_votes":75},"jetpack_sharing_enabled":true,"_links":{"self":[{"href":"https:\/\/www.nova-bz.org\/de\/wp-json\/wp\/v2\/pages\/1170","targetHints":{"allow":["GET"]}}],"collection":[{"href":"https:\/\/www.nova-bz.org\/de\/wp-json\/wp\/v2\/pages"}],"about":[{"href":"https:\/\/www.nova-bz.org\/de\/wp-json\/wp\/v2\/types\/page"}],"author":[{"embeddable":true,"href":"https:\/\/www.nova-bz.org\/de\/wp-json\/wp\/v2\/users\/36"}],"replies":[{"embeddable":true,"href":"https:\/\/www.nova-bz.org\/de\/wp-json\/wp\/v2\/comments?post=1170"}],"version-history":[{"count":5,"href":"https:\/\/www.nova-bz.org\/de\/wp-json\/wp\/v2\/pages\/1170\/revisions"}],"predecessor-version":[{"id":4466,"href":"https:\/\/www.nova-bz.org\/de\/wp-json\/wp\/v2\/pages\/1170\/revisions\/4466"}],"up":[{"embeddable":true,"href":"https:\/\/www.nova-bz.org\/de\/wp-json\/wp\/v2\/pages\/680"}],"wp:featuredmedia":[{"embeddable":true,"href":"https:\/\/www.nova-bz.org\/de\/wp-json\/wp\/v2\/media\/1574"}],"wp:attachment":[{"href":"https:\/\/www.nova-bz.org\/de\/wp-json\/wp\/v2\/media?parent=1170"}],"wp:term":[{"taxonomy":"post_tag","embeddable":true,"href":"https:\/\/www.nova-bz.org\/de\/wp-json\/wp\/v2\/tags?post=1170"}],"curies":[{"name":"wp","href":"https:\/\/api.w.org\/{rel}","templated":true}]}}