{"id":1137,"date":"2020-08-05T13:27:59","date_gmt":"2020-08-05T11:27:59","guid":{"rendered":"http:\/\/blitz.grop.xyz\/?page_id=1137"},"modified":"2024-10-31T12:09:26","modified_gmt":"2024-10-31T11:09:26","slug":"glossar","status":"publish","type":"page","link":"https:\/\/www.nova-bz.org\/de\/glossar\/","title":{"rendered":"Glossar"},"content":{"rendered":"","protected":false},"excerpt":{"rendered":"","protected":false},"author":36,"featured_media":0,"parent":0,"menu_order":17,"comment_status":"open","ping_status":"closed","template":"views\/template-glossario.blade.php","meta":{"_acf_changed":false,"yasr_overall_rating":0,"yasr_post_is_review":"","yasr_auto_insert_disabled":"","yasr_review_type":"","footnotes":""},"tags":[],"class_list":["post-1137","page","type-page","status-publish","hentry"],"acf":[],"yoast_head":"<!-- This site is optimized with the Yoast SEO plugin v25.3.1 - https:\/\/yoast.com\/wordpress\/plugins\/seo\/ -->\n<title>Glossar - Nova<\/title>\n<meta name=\"description\" content=\"Politik ist manchmal schwer verst\u00e4ndlich, weil komplizierte Begriffe genutzt werden. Deshalb erkl\u00e4rt dir NOVA hier alle wichtigen Begriffe!\" \/>\n<meta name=\"robots\" content=\"index, follow, max-snippet:-1, max-image-preview:large, max-video-preview:-1\" \/>\n<link rel=\"canonical\" href=\"https:\/\/www.nova-bz.org\/de\/glossar\/\" \/>\n<meta property=\"og:locale\" content=\"de_DE\" \/>\n<meta property=\"og:type\" content=\"article\" \/>\n<meta property=\"og:title\" content=\"NOVA erkl\u00e4rt komplizierte Begriffe\" \/>\n<meta property=\"og:description\" content=\"Politik ist manchmal schwer verst\u00e4ndlich, weil komplizierte Begriffe genutzt werden. Deshalb erkl\u00e4rt dir NOVA hier alle wichtigen Begriffe!\" \/>\n<meta property=\"og:url\" content=\"https:\/\/www.nova-bz.org\/de\/glossar\/\" \/>\n<meta property=\"og:site_name\" content=\"Nova\" \/>\n<meta property=\"article:publisher\" content=\"https:\/\/www.facebook.com\/novabz.org\" \/>\n<meta property=\"article:modified_time\" content=\"2024-10-31T11:09:26+00:00\" \/>\n<meta property=\"og:image\" content=\"https:\/\/www.nova-bz.org\/wp-content\/uploads\/2021\/02\/facebook_image.png\" \/>\n\t<meta property=\"og:image:width\" content=\"1200\" \/>\n\t<meta property=\"og:image:height\" content=\"627\" \/>\n\t<meta property=\"og:image:type\" content=\"image\/png\" \/>\n<meta name=\"twitter:card\" content=\"summary_large_image\" \/>\n<meta name=\"twitter:title\" content=\"NOVA erkl\u00e4rt komplizierte Begriffe\" \/>\n<meta name=\"twitter:description\" content=\"Politik ist manchmal schwer verst\u00e4ndlich, weil komplizierte Begriffe genutzt werden. Deshalb erkl\u00e4rt dir NOVA hier alle wichtigen Begriffe!\" \/>\n<meta name=\"twitter:site\" content=\"@nova_bz_org\" \/>\n<script type=\"application\/ld+json\" class=\"yoast-schema-graph\">{\"@context\":\"https:\/\/schema.org\",\"@graph\":[{\"@type\":\"WebPage\",\"@id\":\"https:\/\/www.nova-bz.org\/de\/glossar\/\",\"url\":\"https:\/\/www.nova-bz.org\/de\/glossar\/\",\"name\":\"Glossar - Nova\",\"isPartOf\":{\"@id\":\"https:\/\/www.nova-bz.org\/#website\"},\"datePublished\":\"2020-08-05T11:27:59+00:00\",\"dateModified\":\"2024-10-31T11:09:26+00:00\",\"description\":\"Politik ist manchmal schwer verst\u00e4ndlich, weil komplizierte Begriffe genutzt werden. Deshalb erkl\u00e4rt dir NOVA hier alle wichtigen Begriffe!\",\"breadcrumb\":{\"@id\":\"https:\/\/www.nova-bz.org\/de\/glossar\/#breadcrumb\"},\"inLanguage\":\"de\",\"potentialAction\":[{\"@type\":\"ReadAction\",\"target\":[\"https:\/\/www.nova-bz.org\/de\/glossar\/\"]}]},{\"@type\":\"BreadcrumbList\",\"@id\":\"https:\/\/www.nova-bz.org\/de\/glossar\/#breadcrumb\",\"itemListElement\":[{\"@type\":\"ListItem\",\"position\":1,\"name\":\"Home\",\"item\":\"https:\/\/www.nova-bz.org\/de\/\"},{\"@type\":\"ListItem\",\"position\":2,\"name\":\"Glossar\"}]},{\"@type\":\"WebSite\",\"@id\":\"https:\/\/www.nova-bz.org\/#website\",\"url\":\"https:\/\/www.nova-bz.org\/\",\"name\":\"Nova\",\"description\":\"Wir m\u00f6chten Dich f\u00fcr Politik begeistern\",\"potentialAction\":[{\"@type\":\"SearchAction\",\"target\":{\"@type\":\"EntryPoint\",\"urlTemplate\":\"https:\/\/www.nova-bz.org\/?s={search_term_string}\"},\"query-input\":{\"@type\":\"PropertyValueSpecification\",\"valueRequired\":true,\"valueName\":\"search_term_string\"}}],\"inLanguage\":\"de\"},false]}<\/script>\n<!-- \/ Yoast SEO plugin. -->","yoast_head_json":{"title":"Glossar - Nova","description":"Politik ist manchmal schwer verst\u00e4ndlich, weil komplizierte Begriffe genutzt werden. Deshalb erkl\u00e4rt dir NOVA hier alle wichtigen Begriffe!","robots":{"index":"index","follow":"follow","max-snippet":"max-snippet:-1","max-image-preview":"max-image-preview:large","max-video-preview":"max-video-preview:-1"},"canonical":"https:\/\/www.nova-bz.org\/de\/glossar\/","og_locale":"de_DE","og_type":"article","og_title":"NOVA erkl\u00e4rt komplizierte Begriffe","og_description":"Politik ist manchmal schwer verst\u00e4ndlich, weil komplizierte Begriffe genutzt werden. Deshalb erkl\u00e4rt dir NOVA hier alle wichtigen Begriffe!","og_url":"https:\/\/www.nova-bz.org\/de\/glossar\/","og_site_name":"Nova","article_publisher":"https:\/\/www.facebook.com\/novabz.org","article_modified_time":"2024-10-31T11:09:26+00:00","og_image":[{"width":1200,"height":627,"url":"https:\/\/www.nova-bz.org\/wp-content\/uploads\/2021\/02\/facebook_image.png","type":"image\/png"}],"twitter_card":"summary_large_image","twitter_title":"NOVA erkl\u00e4rt komplizierte Begriffe","twitter_description":"Politik ist manchmal schwer verst\u00e4ndlich, weil komplizierte Begriffe genutzt werden. Deshalb erkl\u00e4rt dir NOVA hier alle wichtigen Begriffe!","twitter_site":"@nova_bz_org","schema":{"@context":"https:\/\/schema.org","@graph":[{"@type":"WebPage","@id":"https:\/\/www.nova-bz.org\/de\/glossar\/","url":"https:\/\/www.nova-bz.org\/de\/glossar\/","name":"Glossar - Nova","isPartOf":{"@id":"https:\/\/www.nova-bz.org\/#website"},"datePublished":"2020-08-05T11:27:59+00:00","dateModified":"2024-10-31T11:09:26+00:00","description":"Politik ist manchmal schwer verst\u00e4ndlich, weil komplizierte Begriffe genutzt werden. Deshalb erkl\u00e4rt dir NOVA hier alle wichtigen Begriffe!","breadcrumb":{"@id":"https:\/\/www.nova-bz.org\/de\/glossar\/#breadcrumb"},"inLanguage":"de","potentialAction":[{"@type":"ReadAction","target":["https:\/\/www.nova-bz.org\/de\/glossar\/"]}]},{"@type":"BreadcrumbList","@id":"https:\/\/www.nova-bz.org\/de\/glossar\/#breadcrumb","itemListElement":[{"@type":"ListItem","position":1,"name":"Home","item":"https:\/\/www.nova-bz.org\/de\/"},{"@type":"ListItem","position":2,"name":"Glossar"}]},{"@type":"WebSite","@id":"https:\/\/www.nova-bz.org\/#website","url":"https:\/\/www.nova-bz.org\/","name":"Nova","description":"Wir m\u00f6chten Dich f\u00fcr Politik begeistern","potentialAction":[{"@type":"SearchAction","target":{"@type":"EntryPoint","urlTemplate":"https:\/\/www.nova-bz.org\/?s={search_term_string}"},"query-input":{"@type":"PropertyValueSpecification","valueRequired":true,"valueName":"search_term_string"}}],"inLanguage":"de"},false]}},"yasr_visitor_votes":{"stars_attributes":{"read_only":false,"span_bottom":false},"number_of_votes":0,"sum_votes":0},"jetpack_sharing_enabled":true,"_links":{"self":[{"href":"https:\/\/www.nova-bz.org\/de\/wp-json\/wp\/v2\/pages\/1137","targetHints":{"allow":["GET"]}}],"collection":[{"href":"https:\/\/www.nova-bz.org\/de\/wp-json\/wp\/v2\/pages"}],"about":[{"href":"https:\/\/www.nova-bz.org\/de\/wp-json\/wp\/v2\/types\/page"}],"author":[{"embeddable":true,"href":"https:\/\/www.nova-bz.org\/de\/wp-json\/wp\/v2\/users\/36"}],"replies":[{"embeddable":true,"href":"https:\/\/www.nova-bz.org\/de\/wp-json\/wp\/v2\/comments?post=1137"}],"version-history":[{"count":3,"href":"https:\/\/www.nova-bz.org\/de\/wp-json\/wp\/v2\/pages\/1137\/revisions"}],"predecessor-version":[{"id":1933,"href":"https:\/\/www.nova-bz.org\/de\/wp-json\/wp\/v2\/pages\/1137\/revisions\/1933"}],"wp:attachment":[{"href":"https:\/\/www.nova-bz.org\/de\/wp-json\/wp\/v2\/media?parent=1137"}],"wp:term":[{"taxonomy":"post_tag","embeddable":true,"href":"https:\/\/www.nova-bz.org\/de\/wp-json\/wp\/v2\/tags?post=1137"}],"curies":[{"name":"wp","href":"https:\/\/api.w.org\/{rel}","templated":true}]}}